{"id":4124,"date":"2025-10-24T22:08:13","date_gmt":"2025-10-24T20:08:13","guid":{"rendered":"https:\/\/bijouxetmode.com\/index.php\/product\/bague-originale\/"},"modified":"2025-11-15T20:58:30","modified_gmt":"2025-11-15T19:58:30","slug":"bague-originale","status":"publish","type":"product","link":"https:\/\/bijouxetmode.com\/index.php\/product\/bague-originale\/","title":{"rendered":"Bague originale"},"content":{"rendered":"<div class=\"product-specs-list-container\">\n<h3> Bague Originale \u2013 L\u2019\u00e9l\u00e9gance qui attire tous les regards<\/h3>\n<p>Ajoutez une touche d\u2019audace \u00e0 votre style avec notre <strong>bague originale<\/strong>, un bijou unique qui allie <strong>cr\u00e9ativit\u00e9, \u00e9l\u00e9gance et modernit\u00e9<\/strong>. Con\u00e7ue pour celles qui aiment se d\u00e9marquer, cette bague est l\u2019accessoire parfait pour sublimer vos tenues du quotidien comme vos looks de soir\u00e9e.<\/p>\n<p><strong>\u00a0 \u00a0Caract\u00e9ristiques :<\/strong><\/p>\n<ul>\n<li>Design original et tendance<\/li>\n<li>Finition soign\u00e9e pour un rendu \u00e9clatant<\/li>\n<li>Confortable \u00e0 porter au quotidien<\/li>\n<li>Id\u00e9ale comme cadeau ou pour se faire plaisir<\/li>\n<\/ul>\n<p> Parfaite pour exprimer votre personnalit\u00e9, cette bague s\u2019associe facilement avec d\u2019autres bijoux pour un effet ultra-styl\u00e9.<\/p>\n<p> Livraison rapide |  Satisfaction garantie |  Paiement s\u00e9curis\u00e9<\/p>\n<\/div>\n<div class=\"detailmodule_html\">\n<div class=\"detail-desc-decorate-richtext\">\n<div class=\"detailmodule_image\">\n<p><img decoding=\"async\" class=\"detail-desc-decorate-image\" src=\"https:\/\/ae01.alicdn.com\/kf\/Sa6f1208b4811443a9279e891f44523f5q.jpg\" \/><\/p>\n<p><img decoding=\"async\" class=\"detail-desc-decorate-image\" src=\"https:\/\/ae01.alicdn.com\/kf\/S1ca6f96698be4e6389fd04e2ef710e40r.jpg\" \/><\/p>\n<p><img decoding=\"async\" class=\"detail-desc-decorate-image\" src=\"https:\/\/ae01.alicdn.com\/kf\/S7ca78d22229f4f55ae5a449aabd1e9b8T.jpg\" \/><\/p>\n<\/div>\n<\/div>\n<\/div>\n","protected":false},"excerpt":{"rendered":"<h3> Bague Originale \u2013 L\u2019\u00e9l\u00e9gance qui attire tous les regards<\/h3>\n<p>Ajoutez une touche d\u2019audace \u00e0 votre style avec notre <strong>bague originale<\/strong>, un bijou unique qui allie <strong>cr\u00e9ativit\u00e9, \u00e9l\u00e9gance et modernit\u00e9<\/strong>. Con\u00e7ue pour celles qui aiment se d\u00e9marquer, cette bague est l\u2019accessoire parfait pour sublimer vos tenues du quotidien comme vos looks de soir\u00e9e<span style=\"font-size: 16px;\">.<\/span><\/p>\n<p> Livraison rapide |  Satisfaction garantie |  Paiement s\u00e9curis\u00e9<\/p>\n","protected":false},"featured_media":4125,"comment_status":"open","ping_status":"closed","template":"","meta":{"om_disable_all_campaigns":false,"_monsterinsights_skip_tracking":false,"_monsterinsights_sitenote_active":false,"_monsterinsights_sitenote_note":"","_monsterinsights_sitenote_category":0,"site-sidebar-layout":"default","site-content-layout":"","ast-site-content-layout":"default","site-content-style":"default","site-sidebar-style":"default","ast-global-header-display":"","ast-banner-title-visibility":"","ast-main-header-display":"","ast-hfb-above-header-display":"","ast-hfb-below-header-display":"","ast-hfb-mobile-header-display":"","site-post-title":"","ast-breadcrumbs-content":"","ast-featured-img":"","footer-sml-layout":"","ast-disable-related-posts":"","theme-transparent-header-meta":"default","adv-header-id-meta":"","stick-header-meta":"","header-above-stick-meta":"","header-main-stick-meta":"","header-below-stick-meta":"","astra-migrate-meta-layouts":"set","ast-page-background-enabled":"default","ast-page-background-meta":{"desktop":{"background-color":"var(--ast-global-color-4)","background-image":"","background-repeat":"repeat","background-position":"center center","background-size":"auto","background-attachment":"scroll","background-type":"","background-media":"","overlay-type":"","overlay-color":"","overlay-opacity":"","overlay-gradient":""},"tablet":{"background-color":"","background-image":"","background-repeat":"repeat","background-position":"center center","background-size":"auto","background-attachment":"scroll","background-type":"","background-media":"","overlay-type":"","overlay-color":"","overlay-opacity":"","overlay-gradient":""},"mobile":{"background-color":"","background-image":"","background-repeat":"repeat","background-position":"center center","background-size":"auto","background-attachment":"scroll","background-type":"","background-media":"","overlay-type":"","overlay-color":"","overlay-opacity":"","overlay-gradient":""}},"ast-content-background-meta":{"desktop":{"background-color":"var(--ast-global-color-5)","background-image":"","background-repeat":"repeat","background-position":"center center","background-size":"auto","background-attachment":"scroll","background-type":"","background-media":"","overlay-type":"","overlay-color":"","overlay-opacity":"","overlay-gradient":""},"tablet":{"background-color":"var(--ast-global-color-5)","background-image":"","background-repeat":"repeat","background-position":"center center","background-size":"auto","background-attachment":"scroll","background-type":"","background-media":"","overlay-type":"","overlay-color":"","overlay-opacity":"","overlay-gradient":""},"mobile":{"background-color":"var(--ast-global-color-5)","background-image":"","background-repeat":"repeat","background-position":"center center","background-size":"auto","background-attachment":"scroll","background-type":"","background-media":"","overlay-type":"","overlay-color":"","overlay-opacity":"","overlay-gradient":""}}},"product_brand":[],"product_cat":[122],"product_tag":[],"class_list":{"0":"post-4124","1":"product","2":"type-product","3":"status-publish","4":"has-post-thumbnail","6":"product_cat-bagues","7":"desktop-align-left","8":"tablet-align-left","9":"mobile-align-left","11":"first","12":"instock","13":"taxable","14":"shipping-taxable","15":"purchasable","16":"product-type-variable"},"aioseo_notices":[],"jetpack_sharing_enabled":true,"_links":{"self":[{"href":"https:\/\/bijouxetmode.com\/index.php\/wp-json\/wp\/v2\/product\/4124","targetHints":{"allow":["GET"]}}],"collection":[{"href":"https:\/\/bijouxetmode.com\/index.php\/wp-json\/wp\/v2\/product"}],"about":[{"href":"https:\/\/bijouxetmode.com\/index.php\/wp-json\/wp\/v2\/types\/product"}],"replies":[{"embeddable":true,"href":"https:\/\/bijouxetmode.com\/index.php\/wp-json\/wp\/v2\/comments?post=4124"}],"version-history":[{"count":1,"href":"https:\/\/bijouxetmode.com\/index.php\/wp-json\/wp\/v2\/product\/4124\/revisions"}],"predecessor-version":[{"id":4142,"href":"https:\/\/bijouxetmode.com\/index.php\/wp-json\/wp\/v2\/product\/4124\/revisions\/4142"}],"wp:featuredmedia":[{"embeddable":true,"href":"https:\/\/bijouxetmode.com\/index.php\/wp-json\/wp\/v2\/media\/4125"}],"wp:attachment":[{"href":"https:\/\/bijouxetmode.com\/index.php\/wp-json\/wp\/v2\/media?parent=4124"}],"wp:term":[{"taxonomy":"product_brand","embeddable":true,"href":"https:\/\/bijouxetmode.com\/index.php\/wp-json\/wp\/v2\/product_brand?post=4124"},{"taxonomy":"product_cat","embeddable":true,"href":"https:\/\/bijouxetmode.com\/index.php\/wp-json\/wp\/v2\/product_cat?post=4124"},{"taxonomy":"product_tag","embeddable":true,"href":"https:\/\/bijouxetmode.com\/index.php\/wp-json\/wp\/v2\/product_tag?post=4124"}],"curies":[{"name":"wp","href":"https:\/\/api.w.org\/{rel}","templated":true}]}}