{"id":4090,"date":"2025-10-24T21:58:49","date_gmt":"2025-10-24T19:58:49","guid":{"rendered":"https:\/\/bijouxetmode.com\/index.php\/product\/boucles-doreilles-acier-dore-et-perle-nacree\/"},"modified":"2025-10-27T12:12:22","modified_gmt":"2025-10-27T11:12:22","slug":"boucles-doreilles-a-perle-nacree-en-acier-dore","status":"publish","type":"product","link":"https:\/\/bijouxetmode.com\/index.php\/product\/boucles-doreilles-a-perle-nacree-en-acier-dore\/","title":{"rendered":"Boucles d&rsquo;oreilles \u00e0 perle nacr\u00e9e en acier dor\u00e9"},"content":{"rendered":"<h3><span style=\"vertical-align: inherit;\"><span style=\"vertical-align: inherit;\"><span style=\"vertical-align: inherit;\"><span style=\"vertical-align: inherit;\">Boucles d\u2019oreilles \u00e0 perle nacr\u00e9e en acier dor\u00e9 \u2013 \u00c9l\u00e9gance lumineuse et f\u00e9minit\u00e9 affirm\u00e9e<\/span><\/span><\/span><\/span><\/h3>\n<p><span style=\"vertical-align: inherit;\"><span style=\"vertical-align: inherit;\"><span style=\"vertical-align: inherit;\"><span style=\"vertical-align: inherit;\">Sublimez votre allure avec ces <strong>Boucles d&rsquo;oreilles \u00e0 perle nacr\u00e9e en acier dor\u00e9<\/strong><\/span><\/span><\/span><\/span><span style=\"vertical-align: inherit;\"><span style=\"vertical-align: inherit;\"><span style=\"vertical-align: inherit;\"><span style=\"vertical-align: inherit;\">, orn\u00e9es d\u2019une <\/span><\/span><\/span><\/span><strong><span style=\"vertical-align: inherit;\"><span style=\"vertical-align: inherit;\"><span style=\"vertical-align: inherit;\"><span style=\"vertical-align: inherit;\">perle nacr\u00e9e<\/span><\/span><\/span><\/span><\/strong><span style=\"vertical-align: inherit;\"><span style=\"vertical-align: inherit;\"><span style=\"vertical-align: inherit;\"><span style=\"vertical-align: inherit;\"> au fini d\u00e9licat. Leur design \u00e9pur\u00e9 et raffin\u00e9 en fait un accessoire incontournable pour toutes les femmes en qu\u00eate de <\/span><\/span><\/span><\/span><strong><span style=\"vertical-align: inherit;\"><span style=\"vertical-align: inherit;\"><span style=\"vertical-align: inherit;\"><span style=\"vertical-align: inherit;\">l\u2019\u00e9l\u00e9gance au quotidien<\/span><\/span><\/span><\/span><\/strong><span style=\"vertical-align: inherit;\"><span style=\"vertical-align: inherit;\"><span style=\"vertical-align: inherit;\"><span style=\"vertical-align: inherit;\">.<\/span><\/span><\/span><\/span><\/p>\n<p><strong><span style=\"vertical-align: inherit;\"><span style=\"vertical-align: inherit;\"><span style=\"vertical-align: inherit;\"><span style=\"vertical-align: inherit;\">Caract\u00e9ristiques :<\/span><\/span><\/span><\/span><\/strong><\/p>\n<ul>\n<li><strong><span style=\"vertical-align: inherit;\"><span style=\"vertical-align: inherit;\"><span style=\"vertical-align: inherit;\"><span style=\"vertical-align: inherit;\">Mat\u00e9riau<\/span><\/span><\/span><\/span><\/strong><span style=\"vertical-align: inherit;\"><span style=\"vertical-align: inherit;\"><span style=\"vertical-align: inherit;\"><span style=\"vertical-align: inherit;\"> : acier inoxydable dor\u00e9, r\u00e9sistant\u00a0<\/span><\/span><\/span><\/span><\/li>\n<li><strong><span style=\"vertical-align: inherit;\"><span style=\"vertical-align: inherit;\"><span style=\"vertical-align: inherit;\"><span style=\"vertical-align: inherit;\">Ornement<\/span><\/span><\/span><\/span><\/strong><span style=\"vertical-align: inherit;\"><span style=\"vertical-align: inherit;\"><span style=\"vertical-align: inherit;\"><span style=\"vertical-align: inherit;\"> : perle nacr\u00e9e lustr\u00e9e, effet coquillage naturel<\/span><\/span><\/span><\/span><\/li>\n<li><strong><span style=\"vertical-align: inherit;\"><span style=\"vertical-align: inherit;\"><span style=\"vertical-align: inherit;\"><span style=\"vertical-align: inherit;\">Style<\/span><\/span><\/span><\/span><\/strong><span style=\"vertical-align: inherit;\"><span style=\"vertical-align: inherit;\"><span style=\"vertical-align: inherit;\"><span style=\"vertical-align: inherit;\"> : chic minimaliste, parfait pour les tenues raffin\u00e9e ou habill\u00e9es<\/span><\/span><\/span><\/span><\/li>\n<li><strong><span style=\"vertical-align: inherit;\"><span style=\"vertical-align: inherit;\"><span style=\"vertical-align: inherit;\"><span style=\"vertical-align: inherit;\">Fermoir<\/span><\/span><\/span><\/span><\/strong><span style=\"vertical-align: inherit;\"><span style=\"vertical-align: inherit;\"><span style=\"vertical-align: inherit;\"><span style=\"vertical-align: inherit;\"> : s\u00e9curis\u00e9 et confortable.<\/span><\/span><\/span><\/span><\/li>\n<\/ul>\n<p><strong><span style=\"vertical-align: inherit;\"><span style=\"vertical-align: inherit;\"><span style=\"vertical-align: inherit;\"><span style=\"vertical-align: inherit;\">Pourquoi les adopter ?<\/span><\/span><\/span><\/span><\/strong><\/p>\n<ul>\n<li><span style=\"vertical-align: inherit;\"><span style=\"vertical-align: inherit;\"><span style=\"vertical-align: inherit;\"><span style=\"vertical-align: inherit;\">Accessoire intemporel qui traverse les saisons<\/span><\/span><\/span><\/span><\/li>\n<li><span style=\"vertical-align: inherit;\"><span style=\"vertical-align: inherit;\"><span style=\"vertical-align: inherit;\"><span style=\"vertical-align: inherit;\">Id\u00e9al pour un cadeau f\u00e9minin raffin\u00e9<\/span><\/span><\/span><\/span><\/li>\n<li><span style=\"vertical-align: inherit;\"><span style=\"vertical-align: inherit;\"><span style=\"vertical-align: inherit;\"><span style=\"vertical-align: inherit;\">Convient \u00e0 toutes les carnations et styles vestimentaires<\/span><\/span><\/span><\/span><\/li>\n<li><span style=\"vertical-align: inherit;\"><span style=\"vertical-align: inherit;\"><span style=\"vertical-align: inherit;\"><span style=\"vertical-align: inherit;\">R\u00e9siste \u00e0 l\u2019eau et \u00e0 l\u2019usure du quotidien<\/span><\/span><\/span><\/span><\/li>\n<\/ul>\n<p><span style=\"vertical-align: inherit;\"><span style=\"vertical-align: inherit;\"><span style=\"vertical-align: inherit;\"><span style=\"vertical-align: inherit;\">Livraison rapide | Paiement s\u00e9curis\u00e9 | Service client r\u00e9actif<\/span><\/span><\/span><\/span><\/p>\n<p><span style=\"vertical-align: inherit;\"><span style=\"vertical-align: inherit;\"><span style=\"vertical-align: inherit;\"><span style=\"vertical-align: inherit;\"> D\u00e9couvrez ce mod\u00e8le et bien d\u2019autres sur <\/span><\/span><\/span><\/span><a href=\"https:\/\/bijouxetmode.com\"><span style=\"vertical-align: inherit;\"><span style=\"vertical-align: inherit;\"><span style=\"vertical-align: inherit;\"><span style=\"vertical-align: inherit;\">Bijouxetmode.com<\/span><\/span><\/span><\/span><\/a><\/p>\n<div><\/div>\n<div class=\"detailmodule_html\">\n<div class=\"detail-desc-decorate-richtext\">\n<div class=\"detailmodule_html\">\n<div class=\"detail-desc-decorate-richtext\">\n<p style=\"margin: 0; display: block; width: 100%;\"><img decoding=\"async\" src=\"https:\/\/ae01.alicdn.com\/kf\/S9c5da1aaab1e40c5a593e748d1a6841et.jpg\" \/><img decoding=\"async\" src=\"https:\/\/ae01.alicdn.com\/kf\/Sef6a0c9a29fd436b953fb829a73b6ad7F.jpg\" \/><img decoding=\"async\" src=\"https:\/\/ae01.alicdn.com\/kf\/S93d505867d444f3eb4685e6439329a43Y.jpg\" \/><img decoding=\"async\" src=\"https:\/\/ae01.alicdn.com\/kf\/S2142a0cea21048e6862e37802228687d9.jpg\" \/><img decoding=\"async\" src=\"https:\/\/ae01.alicdn.com\/kf\/S674bb3c05326442b95429e4c32367357L.jpg?width=800&amp;height=800&amp;hash=1600\" \/><img decoding=\"async\" src=\"https:\/\/ae01.alicdn.com\/kf\/S359732f16f5d4cf899c2730533b72a90y.jpg?width=800&amp;height=800&amp;hash=1600\" \/><img decoding=\"async\" src=\"https:\/\/ae01.alicdn.com\/kf\/S057e0c9019a14f0aaa52e403e8c9d453d.jpg?width=800&amp;height=800&amp;hash=1600\" \/><img decoding=\"async\" src=\"https:\/\/ae01.alicdn.com\/kf\/S83321b03647f4381b83a3cbbcb774468S.jpg?width=1000&amp;height=1000&amp;hash=2000\" \/><img decoding=\"async\" src=\"https:\/\/ae01.alicdn.com\/kf\/Sefeadd5c60354a05a42e21bed4f39e22v.jpg?width=800&amp;height=800&amp;hash=1600\" \/><img decoding=\"async\" src=\"https:\/\/ae01.alicdn.com\/kf\/S7ab94d06c0164fcd80054bb06774a2b79.jpg\" \/><img decoding=\"async\" src=\"https:\/\/ae01.alicdn.com\/kf\/S1fb46d9981814f3d892708661a889689a.jpg\" \/><img decoding=\"async\" src=\"https:\/\/ae01.alicdn.com\/kf\/Scbd77770acf24bf293bdfdc7aa39cce2S.jpg?width=800&amp;height=800&amp;hash=1600\" \/><img decoding=\"async\" src=\"https:\/\/ae01.alicdn.com\/kf\/Se1b78f46901f403eb90e24a7bc44cbd9F.jpg\" \/><img decoding=\"async\" src=\"https:\/\/ae01.alicdn.com\/kf\/Sb16bba7d2d594b5f99ea6c276e9ca530U.jpg?width=800&amp;height=800&amp;hash=1600\" \/><img decoding=\"async\" src=\"https:\/\/ae01.alicdn.com\/kf\/Scc2d167fa9e442779b7e375658b365e8H.jpg?width=800&amp;height=800&amp;hash=1600\" \/><img decoding=\"async\" src=\"https:\/\/ae01.alicdn.com\/kf\/Sdd09c4b4820c4968b5cce3b89c9ec530I.jpg?width=800&amp;height=800&amp;hash=1600\" \/><\/p>\n<\/div>\n<\/div>\n<\/div>\n<\/div>\n","protected":false},"excerpt":{"rendered":"<h3><span style=\"vertical-align: inherit;\"><span style=\"vertical-align: inherit;\"><span style=\"vertical-align: inherit;\"><strong>Boucles d&rsquo;oreilles \u00e0 perle nacr\u00e9e en acier dor\u00e9<\/strong> \u00a0\u2013 \u00c9l\u00e9gance lumineuse et f\u00e9minit\u00e9 affirm\u00e9e<\/span><\/span><\/span><\/h3>\n<p><span style=\"vertical-align: inherit;\"><span style=\"vertical-align: inherit;\"><span style=\"vertical-align: inherit;\">Sublimez votre allure avec ces <\/span><\/span><\/span><strong><span style=\"vertical-align: inherit;\"><span style=\"vertical-align: inherit;\"><span style=\"vertical-align: inherit;\">boucles d\u2019oreilles pendantes nacr\u00e9es en acier dor\u00e9<\/span><\/span><\/span><\/strong><span style=\"vertical-align: inherit;\"><span style=\"vertical-align: inherit;\"><span style=\"vertical-align: inherit;\">, orn\u00e9es d\u2019une <\/span><\/span><\/span><strong><span style=\"vertical-align: inherit;\"><span style=\"vertical-align: inherit;\"><span style=\"vertical-align: inherit;\">perle nacr\u00e9e<\/span><\/span><\/span><\/strong><span style=\"vertical-align: inherit;\"><span style=\"vertical-align: inherit;\"><span style=\"vertical-align: inherit;\"> au fini d\u00e9licat.<\/span><\/span><\/span><\/p>\n","protected":false},"featured_media":4091,"comment_status":"open","ping_status":"closed","template":"","meta":{"om_disable_all_campaigns":false,"_monsterinsights_skip_tracking":false,"_monsterinsights_sitenote_active":false,"_monsterinsights_sitenote_note":"","_monsterinsights_sitenote_category":0,"site-sidebar-layout":"default","site-content-layout":"","ast-site-content-layout":"default","site-content-style":"default","site-sidebar-style":"default","ast-global-header-display":"","ast-banner-title-visibility":"","ast-main-header-display":"","ast-hfb-above-header-display":"","ast-hfb-below-header-display":"","ast-hfb-mobile-header-display":"","site-post-title":"","ast-breadcrumbs-content":"","ast-featured-img":"","footer-sml-layout":"","ast-disable-related-posts":"","theme-transparent-header-meta":"default","adv-header-id-meta":"","stick-header-meta":"","header-above-stick-meta":"","header-main-stick-meta":"","header-below-stick-meta":"","astra-migrate-meta-layouts":"set","ast-page-background-enabled":"default","ast-page-background-meta":{"desktop":{"background-color":"var(--ast-global-color-4)","background-image":"","background-repeat":"repeat","background-position":"center center","background-size":"auto","background-attachment":"scroll","background-type":"","background-media":"","overlay-type":"","overlay-color":"","overlay-opacity":"","overlay-gradient":""},"tablet":{"background-color":"","background-image":"","background-repeat":"repeat","background-position":"center center","background-size":"auto","background-attachment":"scroll","background-type":"","background-media":"","overlay-type":"","overlay-color":"","overlay-opacity":"","overlay-gradient":""},"mobile":{"background-color":"","background-image":"","background-repeat":"repeat","background-position":"center center","background-size":"auto","background-attachment":"scroll","background-type":"","background-media":"","overlay-type":"","overlay-color":"","overlay-opacity":"","overlay-gradient":""}},"ast-content-background-meta":{"desktop":{"background-color":"var(--ast-global-color-5)","background-image":"","background-repeat":"repeat","background-position":"center center","background-size":"auto","background-attachment":"scroll","background-type":"","background-media":"","overlay-type":"","overlay-color":"","overlay-opacity":"","overlay-gradient":""},"tablet":{"background-color":"var(--ast-global-color-5)","background-image":"","background-repeat":"repeat","background-position":"center center","background-size":"auto","background-attachment":"scroll","background-type":"","background-media":"","overlay-type":"","overlay-color":"","overlay-opacity":"","overlay-gradient":""},"mobile":{"background-color":"var(--ast-global-color-5)","background-image":"","background-repeat":"repeat","background-position":"center center","background-size":"auto","background-attachment":"scroll","background-type":"","background-media":"","overlay-type":"","overlay-color":"","overlay-opacity":"","overlay-gradient":""}}},"product_brand":[],"product_cat":[94],"product_tag":[],"class_list":{"0":"post-4090","1":"product","2":"type-product","3":"status-publish","4":"has-post-thumbnail","6":"product_cat-boucles-doreilles","7":"desktop-align-left","8":"tablet-align-left","9":"mobile-align-left","11":"first","12":"instock","13":"taxable","14":"shipping-taxable","15":"purchasable","16":"product-type-variable"},"aioseo_notices":[],"jetpack_sharing_enabled":true,"_links":{"self":[{"href":"https:\/\/bijouxetmode.com\/index.php\/wp-json\/wp\/v2\/product\/4090","targetHints":{"allow":["GET"]}}],"collection":[{"href":"https:\/\/bijouxetmode.com\/index.php\/wp-json\/wp\/v2\/product"}],"about":[{"href":"https:\/\/bijouxetmode.com\/index.php\/wp-json\/wp\/v2\/types\/product"}],"replies":[{"embeddable":true,"href":"https:\/\/bijouxetmode.com\/index.php\/wp-json\/wp\/v2\/comments?post=4090"}],"version-history":[{"count":7,"href":"https:\/\/bijouxetmode.com\/index.php\/wp-json\/wp\/v2\/product\/4090\/revisions"}],"predecessor-version":[{"id":4147,"href":"https:\/\/bijouxetmode.com\/index.php\/wp-json\/wp\/v2\/product\/4090\/revisions\/4147"}],"wp:featuredmedia":[{"embeddable":true,"href":"https:\/\/bijouxetmode.com\/index.php\/wp-json\/wp\/v2\/media\/4091"}],"wp:attachment":[{"href":"https:\/\/bijouxetmode.com\/index.php\/wp-json\/wp\/v2\/media?parent=4090"}],"wp:term":[{"taxonomy":"product_brand","embeddable":true,"href":"https:\/\/bijouxetmode.com\/index.php\/wp-json\/wp\/v2\/product_brand?post=4090"},{"taxonomy":"product_cat","embeddable":true,"href":"https:\/\/bijouxetmode.com\/index.php\/wp-json\/wp\/v2\/product_cat?post=4090"},{"taxonomy":"product_tag","embeddable":true,"href":"https:\/\/bijouxetmode.com\/index.php\/wp-json\/wp\/v2\/product_tag?post=4090"}],"curies":[{"name":"wp","href":"https:\/\/api.w.org\/{rel}","templated":true}]}}