{"id":3898,"date":"2025-10-24T21:09:48","date_gmt":"2025-10-24T19:09:48","guid":{"rendered":"https:\/\/bijouxetmode.com\/index.php\/product\/bracelet-en-resine-tons-beige\/"},"modified":"2025-10-24T21:09:51","modified_gmt":"2025-10-24T19:09:51","slug":"bracelet-en-resine-tons-beige","status":"publish","type":"product","link":"https:\/\/bijouxetmode.com\/index.php\/product\/bracelet-en-resine-tons-beige\/","title":{"rendered":"Bracelet en r\u00e9sine tons beige"},"content":{"rendered":"<div class=\"product-specs-list-container\">\u00a0<\/div>\n<div class=\"detailmodule_html\">\n<div class=\"detail-desc-decorate-richtext\">\n<div class=\"detailmodule_text-image\">\n<p class=\"detail-desc-decorate-title\" style=\"font-family: OpenSans; font-size: 20px; font-weight: 900; line-height: 28px; white-space: pre-wrap; color: #000000; margin-bottom: 12px;\">\u00a0<\/p>\n<p id=\"tl_1\" class=\"detail-desc-decorate-title\" style=\"font-family: OpenSans; font-size: 20px; font-weight: 900; line-height: 28px; white-space: pre-wrap; color: #000000; margin-bottom: 12px;\">Bracelet en r\u00e9sine diff\u00e9rents mod\u00e8le dans les tons de beige<\/p>\n<div>\u00a0<\/div>\n<div><img decoding=\"async\" src=\"https:\/\/ae01.alicdn.com\/kf\/Sfec404df9d4142f7a1818f019c2eba1aK.jpg\" \/><br \/><img decoding=\"async\" src=\"https:\/\/ae01.alicdn.com\/kf\/Sbd4094625ccc411e9ce81e218c309ee6l.jpg\" \/><br \/><img decoding=\"async\" src=\"https:\/\/ae01.alicdn.com\/kf\/Sd80f38371f2a46dbb2defe7c5f926b65D.jpg\" \/><br \/><img decoding=\"async\" src=\"https:\/\/ae01.alicdn.com\/kf\/S825877c2c1e9484daba818995abc13bay.jpg\" \/><br \/><img decoding=\"async\" src=\"https:\/\/ae01.alicdn.com\/kf\/S1699e7cb07554c69bc3ec71e7ec8a964K.jpg\" \/><br \/><img decoding=\"async\" src=\"https:\/\/ae01.alicdn.com\/kf\/S714c65aa95334ce1a3bfe000501e276fI.jpg\" \/><br \/><img decoding=\"async\" src=\"https:\/\/ae01.alicdn.com\/kf\/S23e21597163c4fa0a6be7c70deea2a59T.jpg\" \/><br \/><img decoding=\"async\" src=\"https:\/\/ae01.alicdn.com\/kf\/S8df2e0d580c240ccb580a0c49910ddcaq.jpg\" \/><br \/><img decoding=\"async\" src=\"https:\/\/ae01.alicdn.com\/kf\/S1f9c2d03349246728639c0a5fd345550X.jpg\" \/><br \/><img decoding=\"async\" src=\"https:\/\/ae01.alicdn.com\/kf\/S0d9e7abac3404be89bd38b0a877b25a80.jpg\" \/><br \/><img decoding=\"async\" src=\"https:\/\/ae01.alicdn.com\/kf\/S738ed4b6537d42b2a62fbc9c89ca4d53H.jpg\" \/><br \/><img decoding=\"async\" src=\"https:\/\/ae01.alicdn.com\/kf\/S573b56854fa54e38b16ff91f2d8d06b2N.jpg\" \/><br \/><img decoding=\"async\" src=\"https:\/\/ae01.alicdn.com\/kf\/Scb5aa2435a1c424f84eb7a79ddb335e5M.jpg\" \/><br \/><img decoding=\"async\" src=\"https:\/\/ae01.alicdn.com\/kf\/S83845fbdb69e44bda6d4deb0b9ae3d64n.jpg\" \/><br \/><img decoding=\"async\" src=\"https:\/\/ae01.alicdn.com\/kf\/S11808d1420ab466497c98711a85ab910a.jpg\" \/><br \/><img decoding=\"async\" src=\"https:\/\/ae01.alicdn.com\/kf\/Sa5c27ca773a949f2a5ba64901a2b6feeZ.jpg\" \/><br \/><img decoding=\"async\" src=\"https:\/\/ae01.alicdn.com\/kf\/Se12d1374390a4292a948b12cc5532cbdn.jpg\" \/><br \/><img decoding=\"async\" src=\"https:\/\/ae01.alicdn.com\/kf\/S9c027b6d539c4409b8efffcc58a76518V.jpg\" \/><br \/><img decoding=\"async\" src=\"https:\/\/ae01.alicdn.com\/kf\/Sd84dfdb237c54c95a0db88093c40d3c5e.jpg\" \/><br \/><img decoding=\"async\" src=\"https:\/\/ae01.alicdn.com\/kf\/S4f5f813a77db4ef4908250d7a04361d4Y.jpg\" \/><br \/><img decoding=\"async\" src=\"https:\/\/ae01.alicdn.com\/kf\/Sdf17063f97834d6cbe9f9f2c4573b06dV.jpg\" \/><br \/><img decoding=\"async\" src=\"https:\/\/ae01.alicdn.com\/kf\/Scc2750b219e541a0a91a91996fc223306.jpg\" \/><br \/><img decoding=\"async\" src=\"https:\/\/ae01.alicdn.com\/kf\/Sbd9901c604ca49d483f399b98a6a3bef8.jpg\" \/><br \/><img decoding=\"async\" src=\"https:\/\/ae01.alicdn.com\/kf\/Se5a61cd3cdba42a99059f677342f9a85m.jpg\" \/><br \/><img decoding=\"async\" src=\"https:\/\/ae01.alicdn.com\/kf\/Sd3a87885d1b34557a0559cf2bc0de732r.jpg\" \/><br \/><img decoding=\"async\" src=\"https:\/\/ae01.alicdn.com\/kf\/S721b61cfb1be4514b59a3b836eaea1360.jpg\" \/><\/div>\n<\/div>\n<p>\u00a0<\/p>\n<\/div>\n<\/div>\n","protected":false},"excerpt":{"rendered":"<p>\u00a0 \u00a0 Bracelet en r\u00e9sine diff\u00e9rents mod\u00e8le dans les tons de beige \u00a0 \u00a0<\/p>\n","protected":false},"featured_media":3899,"comment_status":"open","ping_status":"closed","template":"","meta":{"om_disable_all_campaigns":false,"_monsterinsights_skip_tracking":false,"_monsterinsights_sitenote_active":false,"_monsterinsights_sitenote_note":"","_monsterinsights_sitenote_category":0,"site-sidebar-layout":"default","site-content-layout":"","ast-site-content-layout":"default","site-content-style":"default","site-sidebar-style":"default","ast-global-header-display":"","ast-banner-title-visibility":"","ast-main-header-display":"","ast-hfb-above-header-display":"","ast-hfb-below-header-display":"","ast-hfb-mobile-header-display":"","site-post-title":"","ast-breadcrumbs-content":"","ast-featured-img":"","footer-sml-layout":"","ast-disable-related-posts":"","theme-transparent-header-meta":"","adv-header-id-meta":"","stick-header-meta":"","header-above-stick-meta":"","header-main-stick-meta":"","header-below-stick-meta":"","astra-migrate-meta-layouts":"default","ast-page-background-enabled":"default","ast-page-background-meta":{"desktop":{"background-color":"var(--ast-global-color-4)","background-image":"","background-repeat":"repeat","background-position":"center center","background-size":"auto","background-attachment":"scroll","background-type":"","background-media":"","overlay-type":"","overlay-color":"","overlay-opacity":"","overlay-gradient":""},"tablet":{"background-color":"","background-image":"","background-repeat":"repeat","background-position":"center center","background-size":"auto","background-attachment":"scroll","background-type":"","background-media":"","overlay-type":"","overlay-color":"","overlay-opacity":"","overlay-gradient":""},"mobile":{"background-color":"","background-image":"","background-repeat":"repeat","background-position":"center center","background-size":"auto","background-attachment":"scroll","background-type":"","background-media":"","overlay-type":"","overlay-color":"","overlay-opacity":"","overlay-gradient":""}},"ast-content-background-meta":{"desktop":{"background-color":"var(--ast-global-color-5)","background-image":"","background-repeat":"repeat","background-position":"center center","background-size":"auto","background-attachment":"scroll","background-type":"","background-media":"","overlay-type":"","overlay-color":"","overlay-opacity":"","overlay-gradient":""},"tablet":{"background-color":"var(--ast-global-color-5)","background-image":"","background-repeat":"repeat","background-position":"center center","background-size":"auto","background-attachment":"scroll","background-type":"","background-media":"","overlay-type":"","overlay-color":"","overlay-opacity":"","overlay-gradient":""},"mobile":{"background-color":"var(--ast-global-color-5)","background-image":"","background-repeat":"repeat","background-position":"center center","background-size":"auto","background-attachment":"scroll","background-type":"","background-media":"","overlay-type":"","overlay-color":"","overlay-opacity":"","overlay-gradient":""}}},"product_brand":[],"product_cat":[99],"product_tag":[],"class_list":{"0":"post-3898","1":"product","2":"type-product","3":"status-publish","4":"has-post-thumbnail","6":"product_cat-bracelets","7":"desktop-align-left","8":"tablet-align-left","9":"mobile-align-left","11":"first","12":"instock","13":"taxable","14":"shipping-taxable","15":"purchasable","16":"product-type-variable"},"aioseo_notices":[],"jetpack_sharing_enabled":true,"_links":{"self":[{"href":"https:\/\/bijouxetmode.com\/index.php\/wp-json\/wp\/v2\/product\/3898","targetHints":{"allow":["GET"]}}],"collection":[{"href":"https:\/\/bijouxetmode.com\/index.php\/wp-json\/wp\/v2\/product"}],"about":[{"href":"https:\/\/bijouxetmode.com\/index.php\/wp-json\/wp\/v2\/types\/product"}],"replies":[{"embeddable":true,"href":"https:\/\/bijouxetmode.com\/index.php\/wp-json\/wp\/v2\/comments?post=3898"}],"version-history":[{"count":0,"href":"https:\/\/bijouxetmode.com\/index.php\/wp-json\/wp\/v2\/product\/3898\/revisions"}],"wp:featuredmedia":[{"embeddable":true,"href":"https:\/\/bijouxetmode.com\/index.php\/wp-json\/wp\/v2\/media\/3899"}],"wp:attachment":[{"href":"https:\/\/bijouxetmode.com\/index.php\/wp-json\/wp\/v2\/media?parent=3898"}],"wp:term":[{"taxonomy":"product_brand","embeddable":true,"href":"https:\/\/bijouxetmode.com\/index.php\/wp-json\/wp\/v2\/product_brand?post=3898"},{"taxonomy":"product_cat","embeddable":true,"href":"https:\/\/bijouxetmode.com\/index.php\/wp-json\/wp\/v2\/product_cat?post=3898"},{"taxonomy":"product_tag","embeddable":true,"href":"https:\/\/bijouxetmode.com\/index.php\/wp-json\/wp\/v2\/product_tag?post=3898"}],"curies":[{"name":"wp","href":"https:\/\/api.w.org\/{rel}","templated":true}]}}