{"id":3831,"date":"2025-10-24T18:43:01","date_gmt":"2025-10-24T16:43:01","guid":{"rendered":"https:\/\/bijouxetmode.com\/index.php\/product\/collier-couleur-or-avec-lettre-au-choix-et-petit-coeur\/"},"modified":"2025-10-24T18:43:06","modified_gmt":"2025-10-24T16:43:06","slug":"collier-couleur-or-avec-lettre-au-choix-et-petit-coeur","status":"publish","type":"product","link":"https:\/\/bijouxetmode.com\/index.php\/product\/collier-couleur-or-avec-lettre-au-choix-et-petit-coeur\/","title":{"rendered":"Collier couleur or avec lettre au choix et petit coeur"},"content":{"rendered":"<div class=\"product-specs-list-container\">\n<ul class=\"product-specs-list util-clearfix\">\n<li class=\"product-prop line-limit-length\"><span class=\"property-title\">Produit chimique \u00e0 haute pr\u00e9occupation:\u00a0<\/span><span class=\"property-desc line-limit-length\">Aucun<\/span><\/li>\n<li class=\"product-prop line-limit-length\"><span class=\"property-title\">Mat\u00e9riel de r\u00e9glage:\u00a0<\/span><span class=\"property-desc line-limit-length\">Aucun<\/span><\/li>\n<li class=\"product-prop line-limit-length\"><span class=\"property-title\">Occasion:\u00a0<\/span><span class=\"property-desc line-limit-length\">Partie<\/span><\/li>\n<li class=\"product-prop line-limit-length\"><span class=\"property-title\">Compatibilit\u00e9:\u00a0<\/span><span class=\"property-desc line-limit-length\">Tous compatibles<\/span><\/li>\n<li class=\"product-prop line-limit-length\"><span class=\"property-title\">Fonction:\u00a0<\/span><span class=\"property-desc line-limit-length\">Suivi de la p\u00e9riode<\/span><\/li>\n<li class=\"product-prop line-limit-length\"><span class=\"property-title\">Taille du pendentif:\u00a0<\/span><span class=\"property-desc line-limit-length\">As Picture Shown<\/span><\/li>\n<li class=\"product-prop line-limit-length\"><span class=\"property-title\">Formemotif:\u00a0<\/span><span class=\"property-desc line-limit-length\">Lettre<\/span><\/li>\n<li class=\"product-prop line-limit-length\"><span class=\"property-title\">Num\u00e9ro de Mod\u00e8le:\u00a0<\/span><span class=\"property-desc line-limit-length\">Initial Necklace<\/span><\/li>\n<li class=\"product-prop line-limit-length\"><span class=\"property-title\">Mat\u00e9riau:\u00a0<\/span><span class=\"property-desc line-limit-length\">M\u00e9tal<\/span><\/li>\n<li class=\"product-prop line-limit-length\"><span class=\"property-title\">Type de cha\u00eene:\u00a0<\/span><span class=\"property-desc line-limit-length\">cha\u00eene \u00e0 maillons<\/span><\/li>\n<li class=\"product-prop line-limit-length\"><span class=\"property-title\">Style:\u00a0<\/span><span class=\"property-desc line-limit-length\">TRENDY<\/span><\/li>\n<li class=\"product-prop line-limit-length\"><span class=\"property-title\">Type de Collier:\u00a0<\/span><span class=\"property-desc line-limit-length\">Colliers pendentifs<\/span><\/li>\n<li class=\"product-prop line-limit-length\"><span class=\"property-title\">Sexe:\u00a0<\/span><span class=\"property-desc line-limit-length\">Femmes<\/span><\/li>\n<li class=\"product-prop line-limit-length\"><span class=\"property-title\">Type de M\u00e9taux:\u00a0<\/span><span class=\"property-desc line-limit-length\">Alliage de zinc<\/span><\/li>\n<li class=\"product-prop line-limit-length\"><span class=\"property-title\">Nom de marque:\u00a0<\/span><span class=\"property-desc line-limit-length\">SUMENG<\/span><\/li>\n<li class=\"product-prop line-limit-length\"><span class=\"property-title\">Origine:\u00a0<\/span><span class=\"property-desc line-limit-length\">CN (Origine)<\/span><\/li>\n<li class=\"product-prop line-limit-length\"><span class=\"property-title\">CN:\u00a0<\/span><span class=\"property-desc line-limit-length\">Zhejiang<\/span><\/li>\n<li class=\"product-prop line-limit-length\"><span class=\"property-title\">Raffin\u00e9 ou mode:\u00a0<\/span><span class=\"property-desc line-limit-length\">Mode<\/span><\/li>\n<li class=\"product-prop line-limit-length\"><span class=\"property-title\">Type D&rsquo;article:\u00a0<\/span><span class=\"property-desc line-limit-length\">COLLIERS<\/span><\/li>\n<\/ul>\n<\/div>\n<div class=\"detailmodule_html\">\n<div class=\"detail-desc-decorate-richtext\">\n<div>\n<div>\n<div>\n<div>\n<div>\n<div>\n<div><img decoding=\"async\" class=\"detail-desc-decorate-image\" style=\"margin-bottom: 10px;\" src=\"https:\/\/ae01.alicdn.com\/kf\/He67029cc11cb44019abe224614c7c6dcO.jpg\" \/><\/div>\n<div>\n<p id=\"tl_1\" class=\"detail-desc-decorate-content\" style=\"font-family: OpenSans; font-size: 14px; font-weight: 300; line-height: 20px; white-space: pre-wrap; color: #000000; margin-bottom: 12px;\">Type de collier: Colliers \u00e0 pendentifs<\/p>\n<\/div>\n<div>\n<p id=\"tl_2\" class=\"detail-desc-decorate-content\" style=\"font-family: OpenSans; font-size: 14px; font-weight: 300; line-height: 20px; white-space: pre-wrap; color: #000000; margin-bottom: 12px;\">Type de cha\u00eene: Cha\u00eene \u00e0 maillons<\/p>\n<\/div>\n<div>\n<p id=\"tl_3\" class=\"detail-desc-decorate-content\" style=\"font-family: OpenSans; font-size: 14px; font-weight: 300; line-height: 20px; white-space: pre-wrap; color: #000000; margin-bottom: 12px;\">Mat\u00e9riau: Alliage<\/p>\n<\/div>\n<div>\n<p id=\"tl_4\" class=\"detail-desc-decorate-content\" style=\"font-family: OpenSans; font-size: 14px; font-weight: 300; line-height: 20px; white-space: pre-wrap; color: #000000; margin-bottom: 12px;\">Sexe applicable: femmes<\/p>\n<\/div>\n<div>\n<p id=\"tl_5\" class=\"detail-desc-decorate-content\" style=\"font-family: OpenSans; font-size: 14px; font-weight: 300; line-height: 20px; white-space: pre-wrap; color: #000000; margin-bottom: 12px;\">Couleur plaqu\u00e9e: or 18k et argent<\/p>\n<\/div>\n<div>\n<p id=\"tl_6\" class=\"detail-desc-decorate-content\" style=\"font-family: OpenSans; font-size: 14px; font-weight: 300; line-height: 20px; white-space: pre-wrap; color: #000000; margin-bottom: 12px;\">Longueur: 45cm + 5cm<\/p>\n<\/div>\n<div><img decoding=\"async\" class=\"detail-desc-decorate-image\" style=\"margin-bottom: 10px;\" src=\"https:\/\/ae01.alicdn.com\/kf\/H944c8b80751a428ab589e9656eeb3ebbw.jpg\" \/><\/div>\n<div><img decoding=\"async\" class=\"detail-desc-decorate-image\" style=\"margin-bottom: 10px;\" src=\"https:\/\/ae01.alicdn.com\/kf\/H33c8e8ceee9b4ccfa950d6d5b090b2bfE.jpg\" \/><br \/><img decoding=\"async\" class=\"detail-desc-decorate-image\" style=\"margin-bottom: 10px;\" src=\"https:\/\/ae01.alicdn.com\/kf\/Hcba3e10702c44f26ac106487937458c5L.jpg\" \/><br \/><img decoding=\"async\" class=\"detail-desc-decorate-image\" style=\"margin-bottom: 10px;\" src=\"https:\/\/ae01.alicdn.com\/kf\/H66f8095db30b41c0b47c7ee8d7019656M.jpg\" \/><br \/><img decoding=\"async\" class=\"detail-desc-decorate-image\" style=\"margin-bottom: 10px;\" src=\"https:\/\/ae01.alicdn.com\/kf\/Ha18ee7026ad24bb488321d1273704f92t.jpg\" \/><br \/><img decoding=\"async\" class=\"detail-desc-decorate-image\" style=\"margin-bottom: 10px;\" src=\"https:\/\/ae01.alicdn.com\/kf\/H0fb271d8dd194dfcb90db85bd3c95f4e9.jpg\" \/><br \/><img decoding=\"async\" class=\"detail-desc-decorate-image\" style=\"margin-bottom: 10px;\" src=\"https:\/\/ae01.alicdn.com\/kf\/H84c92936c4664ee4923285aff6789a81r.jpg\" \/><br \/><img decoding=\"async\" class=\"detail-desc-decorate-image\" style=\"margin-bottom: 10px;\" src=\"https:\/\/ae01.alicdn.com\/kf\/He7059d1dfd8d4bff84c46f148b201c815.jpg\" \/><br \/><img decoding=\"async\" class=\"detail-desc-decorate-image\" style=\"margin-bottom: 10px;\" src=\"https:\/\/ae01.alicdn.com\/kf\/H6a6c306420f640bea322c16c941ca762J.jpg\" \/><\/div>\n<div><img decoding=\"async\" class=\"detail-desc-decorate-image\" style=\"margin-bottom: 10px;\" src=\"https:\/\/ae01.alicdn.com\/kf\/Hc3fffbda65d243d6a5e6e7a52ed72aacL.jpg\" \/><br \/><img decoding=\"async\" class=\"detail-desc-decorate-image\" style=\"margin-bottom: 10px;\" src=\"https:\/\/ae01.alicdn.com\/kf\/Hfa6145d47f3b44a18f0cc1c82462eff0Y.jpg\" \/><\/div>\n<div><img decoding=\"async\" class=\"detail-desc-decorate-image\" style=\"margin-bottom: 10px;\" src=\"https:\/\/ae01.alicdn.com\/kf\/Hc5b064f1fec545ceaf105261f420aac69.jpg\" \/><\/div>\n<div>\n<p id=\"tl_7\" class=\"detail-desc-decorate-content\" style=\"font-family: OpenSans; font-size: 14px; font-weight: 300; line-height: 20px; white-space: pre-wrap; color: #000000; margin-bottom: 12px;\">1. EXP\u00c9DITION MONDIALE. (Sauf certains pays et APO\/FPO)<\/p>\n<\/div>\n<div>\n<p id=\"tl_8\" class=\"detail-desc-decorate-content\" style=\"font-family: OpenSans; font-size: 14px; font-weight: 300; line-height: 20px; white-space: pre-wrap; color: #000000; margin-bottom: 12px;\">2. Commandes trait\u00e9es en temps opportun apr\u00e8s la v\u00e9rification du paiement.<\/p>\n<\/div>\n<div>\n<p id=\"tl_9\" class=\"detail-desc-decorate-content\" style=\"font-family: OpenSans; font-size: 14px; font-weight: 300; line-height: 20px; white-space: pre-wrap; color: #000000; margin-bottom: 12px;\">3. Nous exp\u00e9dions uniquement \u00e0 l&rsquo;adresse de commande confirm\u00e9e. Votre adresse de commande doit correspondre \u00e0 votre adresse de livraison.<\/p>\n<\/div>\n<div>\n<p id=\"tl_10\" class=\"detail-desc-decorate-content\" style=\"font-family: OpenSans; font-size: 14px; font-weight: 300; line-height: 20px; white-space: pre-wrap; color: #000000; margin-bottom: 12px;\">4. Il peut y avoir une l\u00e9g\u00e8re diff\u00e9rence de couleur, en raison des param\u00e8tres de l&rsquo;\u00e9cran de l&rsquo;ordinateur. Les images sont pour r\u00e9f\u00e9rence uniquement.<\/p>\n<\/div>\n<div>\n<p id=\"tl_11\" class=\"detail-desc-decorate-content\" style=\"font-family: OpenSans; font-size: 14px; font-weight: 300; line-height: 20px; white-space: pre-wrap; color: #000000; margin-bottom: 12px;\">5. Le temps de transit du service est fourni par le transporteur et exclut les week-ends et les jours f\u00e9ri\u00e9s. Les temps de transit peuvent varier, en particulier pendant la saison des vacances.<\/p>\n<\/div>\n<div>\n<p id=\"tl_12\" class=\"detail-desc-decorate-content\" style=\"font-family: OpenSans; font-size: 14px; font-weight: 300; line-height: 20px; white-space: pre-wrap; color: #000000; margin-bottom: 12px;\">6. Si vous n&rsquo;avez pas re\u00e7u votre colis dans les 65 jours suivant le paiement, veuillez nous contacter. Nous suivrons l&rsquo;envoi et vous r\u00e9pondrons dans les plus brefs d\u00e9lais. Notre objectif est la satisfaction du client.<\/p>\n<\/div>\n<div><img decoding=\"async\" class=\"detail-desc-decorate-image\" style=\"margin-bottom: 10px;\" src=\"https:\/\/ae01.alicdn.com\/kf\/He9046443f1b649acb9740225d2201739H.jpg\" \/><\/div>\n<div>\n<p id=\"tl_13\" class=\"detail-desc-decorate-content\" style=\"font-family: OpenSans; font-size: 14px; font-weight: 300; line-height: 20px; white-space: pre-wrap; color: #000000; margin-bottom: 12px;\">1. Vous avez 7 jours pour nous contacter et 30 jours pour le retourner \u00e0 partir de la date de r\u00e9ception, si cet article en votre possession plus de 7 jours, il est consid\u00e9r\u00e9 comme utilis\u00e9 et nous ne vous rembourserons pas ou ne vous remplacerons pas, il n&rsquo;y a pas d&rsquo;exceptions, les frais d&rsquo;exp\u00e9dition sont support\u00e9s par l&rsquo;acheteur et le vendeur en deux.<\/p>\n<\/div>\n<div>\n<p id=\"tl_14\" class=\"detail-desc-decorate-content\" style=\"font-family: OpenSans; font-size: 14px; font-weight: 300; line-height: 20px; white-space: pre-wrap; color: #000000; margin-bottom: 12px;\">2. Tous les articles retourn\u00e9s doivent \u00eatre dans leur emballage d&rsquo;origine et vous devez nous fournir le num\u00e9ro de suivi de l&rsquo;exp\u00e9dition, la raison sp\u00e9cifique du retour et votre num\u00e9ro de commande.<\/p>\n<\/div>\n<div>\n<p id=\"tl_15\" class=\"detail-desc-decorate-content\" style=\"font-family: OpenSans; font-size: 14px; font-weight: 300; line-height: 20px; white-space: pre-wrap; color: #000000; margin-bottom: 12px;\">3. Nous vous rembourserons le montant total de votre ench\u00e8re gagnante \u00e0 la r\u00e9ception des articles dans leur \u00e9tat et emballage d&rsquo;origine avec tous les composants et accessoires inclus, apr\u00e8s que l&rsquo;acheteur et le vendeur aient annul\u00e9 la transaction sur Aliexpress, OU, vous pouvez choisir d&rsquo;avoir un remplacement.<\/p>\n<\/div>\n<div>\n<p id=\"tl_16\" class=\"detail-desc-decorate-content\" style=\"font-family: OpenSans; font-size: 14px; font-weight: 300; line-height: 20px; white-space: pre-wrap; color: #000000; margin-bottom: 12px;\">4. Nous prendrons en charge tous les frais d&rsquo;exp\u00e9dition si l&rsquo;article n&rsquo;est pas annonc\u00e9.<\/p>\n<\/div>\n<div><img decoding=\"async\" class=\"detail-desc-decorate-image\" style=\"margin-bottom: 10px;\" src=\"https:\/\/ae01.alicdn.com\/kf\/H0b5fffbd433542cea95bece3c7d7012fg.jpg\" \/><\/div>\n<div>\n<p id=\"tl_17\" class=\"detail-desc-decorate-content\" style=\"font-family: OpenSans; font-size: 14px; font-weight: 300; line-height: 20px; white-space: pre-wrap; color: #000000; margin-bottom: 12px;\">Nous maintenons des normes d&rsquo;excellence \u00e9lev\u00e9es et nous nous effor\u00e7ons de satisfaire nos clients \u00e0 100%! Les commentaires sont tr\u00e8s importants, nous vous demandons de nous contacter imm\u00e9diatement avant de nous donner un commentaire neutre ou n\u00e9gatif. afin que nous puissions r\u00e9pondre de mani\u00e8re satisfaisante \u00e0 vos pr\u00e9occupations.<\/p>\n<\/div>\n<\/div>\n<\/div>\n<\/div>\n<\/div>\n<div>\u00a0<\/div>\n<\/div>\n<\/div>\n<p>\u00a0<\/p>\n<\/div>\n<\/div>\n","protected":false},"excerpt":{"rendered":"<p>Produit chimique \u00e0 haute pr\u00e9occupation:\u00a0Aucun Mat\u00e9riel de r\u00e9glage:\u00a0Aucun Occasion:\u00a0Partie Compatibilit\u00e9:\u00a0Tous compatibles Fonction:\u00a0Suivi de la p\u00e9riode Taille du pendentif:\u00a0As Picture Shown Formemotif:\u00a0Lettre Num\u00e9ro de Mod\u00e8le:\u00a0Initial Necklace Mat\u00e9riau:\u00a0M\u00e9tal Type de cha\u00eene:\u00a0cha\u00eene \u00e0 maillons Style:\u00a0TRENDY Type de Collier:\u00a0Colliers pendentifs Sexe:\u00a0Femmes Type de M\u00e9taux:\u00a0Alliage de zinc Nom de marque:\u00a0SUMENG Origine:\u00a0CN (Origine) CN:\u00a0Zhejiang Raffin\u00e9 ou mode:\u00a0Mode Type D&rsquo;article:\u00a0COLLIERS Type de [&hellip;]<\/p>\n","protected":false},"featured_media":3832,"comment_status":"open","ping_status":"closed","template":"","meta":{"om_disable_all_campaigns":false,"_monsterinsights_skip_tracking":false,"_monsterinsights_sitenote_active":false,"_monsterinsights_sitenote_note":"","_monsterinsights_sitenote_category":0,"site-sidebar-layout":"default","site-content-layout":"","ast-site-content-layout":"default","site-content-style":"default","site-sidebar-style":"default","ast-global-header-display":"","ast-banner-title-visibility":"","ast-main-header-display":"","ast-hfb-above-header-display":"","ast-hfb-below-header-display":"","ast-hfb-mobile-header-display":"","site-post-title":"","ast-breadcrumbs-content":"","ast-featured-img":"","footer-sml-layout":"","ast-disable-related-posts":"","theme-transparent-header-meta":"","adv-header-id-meta":"","stick-header-meta":"","header-above-stick-meta":"","header-main-stick-meta":"","header-below-stick-meta":"","astra-migrate-meta-layouts":"default","ast-page-background-enabled":"default","ast-page-background-meta":{"desktop":{"background-color":"var(--ast-global-color-4)","background-image":"","background-repeat":"repeat","background-position":"center center","background-size":"auto","background-attachment":"scroll","background-type":"","background-media":"","overlay-type":"","overlay-color":"","overlay-opacity":"","overlay-gradient":""},"tablet":{"background-color":"","background-image":"","background-repeat":"repeat","background-position":"center center","background-size":"auto","background-attachment":"scroll","background-type":"","background-media":"","overlay-type":"","overlay-color":"","overlay-opacity":"","overlay-gradient":""},"mobile":{"background-color":"","background-image":"","background-repeat":"repeat","background-position":"center center","background-size":"auto","background-attachment":"scroll","background-type":"","background-media":"","overlay-type":"","overlay-color":"","overlay-opacity":"","overlay-gradient":""}},"ast-content-background-meta":{"desktop":{"background-color":"var(--ast-global-color-5)","background-image":"","background-repeat":"repeat","background-position":"center center","background-size":"auto","background-attachment":"scroll","background-type":"","background-media":"","overlay-type":"","overlay-color":"","overlay-opacity":"","overlay-gradient":""},"tablet":{"background-color":"var(--ast-global-color-5)","background-image":"","background-repeat":"repeat","background-position":"center center","background-size":"auto","background-attachment":"scroll","background-type":"","background-media":"","overlay-type":"","overlay-color":"","overlay-opacity":"","overlay-gradient":""},"mobile":{"background-color":"var(--ast-global-color-5)","background-image":"","background-repeat":"repeat","background-position":"center center","background-size":"auto","background-attachment":"scroll","background-type":"","background-media":"","overlay-type":"","overlay-color":"","overlay-opacity":"","overlay-gradient":""}}},"product_brand":[],"product_cat":[95],"product_tag":[],"class_list":{"0":"post-3831","1":"product","2":"type-product","3":"status-publish","4":"has-post-thumbnail","6":"product_cat-colliers","7":"desktop-align-left","8":"tablet-align-left","9":"mobile-align-left","11":"first","12":"instock","13":"taxable","14":"shipping-taxable","15":"purchasable","16":"product-type-variable"},"aioseo_notices":[],"jetpack_sharing_enabled":true,"_links":{"self":[{"href":"https:\/\/bijouxetmode.com\/index.php\/wp-json\/wp\/v2\/product\/3831","targetHints":{"allow":["GET"]}}],"collection":[{"href":"https:\/\/bijouxetmode.com\/index.php\/wp-json\/wp\/v2\/product"}],"about":[{"href":"https:\/\/bijouxetmode.com\/index.php\/wp-json\/wp\/v2\/types\/product"}],"replies":[{"embeddable":true,"href":"https:\/\/bijouxetmode.com\/index.php\/wp-json\/wp\/v2\/comments?post=3831"}],"version-history":[{"count":0,"href":"https:\/\/bijouxetmode.com\/index.php\/wp-json\/wp\/v2\/product\/3831\/revisions"}],"wp:featuredmedia":[{"embeddable":true,"href":"https:\/\/bijouxetmode.com\/index.php\/wp-json\/wp\/v2\/media\/3832"}],"wp:attachment":[{"href":"https:\/\/bijouxetmode.com\/index.php\/wp-json\/wp\/v2\/media?parent=3831"}],"wp:term":[{"taxonomy":"product_brand","embeddable":true,"href":"https:\/\/bijouxetmode.com\/index.php\/wp-json\/wp\/v2\/product_brand?post=3831"},{"taxonomy":"product_cat","embeddable":true,"href":"https:\/\/bijouxetmode.com\/index.php\/wp-json\/wp\/v2\/product_cat?post=3831"},{"taxonomy":"product_tag","embeddable":true,"href":"https:\/\/bijouxetmode.com\/index.php\/wp-json\/wp\/v2\/product_tag?post=3831"}],"curies":[{"name":"wp","href":"https:\/\/api.w.org\/{rel}","templated":true}]}}