{"id":3802,"date":"2025-10-24T17:52:17","date_gmt":"2025-10-24T15:52:17","guid":{"rendered":"https:\/\/bijouxetmode.com\/index.php\/product\/collier-fin-decollete\/"},"modified":"2025-10-24T17:52:19","modified_gmt":"2025-10-24T15:52:19","slug":"collier-fin-decollete","status":"publish","type":"product","link":"https:\/\/bijouxetmode.com\/index.php\/product\/collier-fin-decollete\/","title":{"rendered":"Collier fin d\u00e9collet\u00e9"},"content":{"rendered":"<div class=\"product-specs-list-container\">\n<p>Collier chic avec perle nacr\u00e9e pour d\u00e9collet\u00e9\u00a0<\/p>\n<\/div>\n<div class=\"detailmodule_html\">\n<div class=\"detail-desc-decorate-richtext\">\n<div class=\"detailmodule_html\">\n<div class=\"detail-desc-decorate-richtext\">\n<div id=\"ee_boxPhoto1\" class=\"ee_box zhedie\" style=\"border: 0px solid #ff9933; margin: 3px auto 3px auto; height: auto;\">\n<p style=\"font-size: 0px; overflow: hidden; width: 1px; height: 0px;\">[Xlmodel]-[photo]-[0000]<\/p>\n<div class=\"ee_box_content ui-sortable\" style=\"text-align: center; padding: 5px; overflow: visible; height: auto;\" align=\"center\">\n<p class=\"detailp\" style=\"font-size: 0px; padding: 0px;\">\u00a0<\/p>\n<p class=\"detailp\" style=\"font-size: 0px; padding: 0px;\"><img decoding=\"async\" src=\"https:\/\/ae01.alicdn.com\/kf\/Sd73c8b2a876a420f925462fd1661580fG.jpg\" \/><\/p>\n<p class=\"detailp\" style=\"font-size: 0px; padding: 0px;\"><img decoding=\"async\" src=\"https:\/\/ae01.alicdn.com\/kf\/S4ff2ad56fa43412fb4034af9b4858d24c.jpg\" \/><\/p>\n<p class=\"detailp\" style=\"font-size: 0px; padding: 0px;\"><img decoding=\"async\" src=\"https:\/\/ae01.alicdn.com\/kf\/S9ea100ff9f3342edaf7a8de567d02a76S.jpg\" \/><\/p>\n<p class=\"detailp\" style=\"font-size: 0px; padding: 0px;\"><img decoding=\"async\" src=\"https:\/\/ae01.alicdn.com\/kf\/Sd3c50b9f7bca403fa226badb2fef99458.jpg\" \/><\/p>\n<p class=\"detailp\" style=\"font-size: 0px; padding: 0px;\"><img decoding=\"async\" src=\"https:\/\/ae01.alicdn.com\/kf\/S3d1d3e2bbc3b44ee8462a9bfd8c3429fC.jpg\" \/><\/p>\n<p class=\"detailp\" style=\"font-size: 0px; padding: 0px;\"><img decoding=\"async\" src=\"https:\/\/ae01.alicdn.com\/kf\/S4d336f1779944daba891f8764dd751d0G.jpg\" \/><\/p>\n<p class=\"detailp\" style=\"font-size: 0px; padding: 0px;\"><img decoding=\"async\" src=\"https:\/\/ae01.alicdn.com\/kf\/Seaed3c5958274d96933b115af25dfcc9l.jpg\" \/><\/p>\n<\/div>\n<\/div>\n<\/div>\n<\/div>\n<p>\u00a0<\/p>\n<\/div>\n<\/div>\n","protected":false},"excerpt":{"rendered":"<p>Collier chic avec perle nacr\u00e9e pour d\u00e9collet\u00e9\u00a0 [Xlmodel]-[photo]-[0000] \u00a0 \u00a0<\/p>\n","protected":false},"featured_media":3803,"comment_status":"open","ping_status":"closed","template":"","meta":{"om_disable_all_campaigns":false,"_monsterinsights_skip_tracking":false,"_monsterinsights_sitenote_active":false,"_monsterinsights_sitenote_note":"","_monsterinsights_sitenote_category":0,"site-sidebar-layout":"default","site-content-layout":"","ast-site-content-layout":"default","site-content-style":"default","site-sidebar-style":"default","ast-global-header-display":"","ast-banner-title-visibility":"","ast-main-header-display":"","ast-hfb-above-header-display":"","ast-hfb-below-header-display":"","ast-hfb-mobile-header-display":"","site-post-title":"","ast-breadcrumbs-content":"","ast-featured-img":"","footer-sml-layout":"","ast-disable-related-posts":"","theme-transparent-header-meta":"","adv-header-id-meta":"","stick-header-meta":"","header-above-stick-meta":"","header-main-stick-meta":"","header-below-stick-meta":"","astra-migrate-meta-layouts":"default","ast-page-background-enabled":"default","ast-page-background-meta":{"desktop":{"background-color":"var(--ast-global-color-4)","background-image":"","background-repeat":"repeat","background-position":"center center","background-size":"auto","background-attachment":"scroll","background-type":"","background-media":"","overlay-type":"","overlay-color":"","overlay-opacity":"","overlay-gradient":""},"tablet":{"background-color":"","background-image":"","background-repeat":"repeat","background-position":"center center","background-size":"auto","background-attachment":"scroll","background-type":"","background-media":"","overlay-type":"","overlay-color":"","overlay-opacity":"","overlay-gradient":""},"mobile":{"background-color":"","background-image":"","background-repeat":"repeat","background-position":"center center","background-size":"auto","background-attachment":"scroll","background-type":"","background-media":"","overlay-type":"","overlay-color":"","overlay-opacity":"","overlay-gradient":""}},"ast-content-background-meta":{"desktop":{"background-color":"var(--ast-global-color-5)","background-image":"","background-repeat":"repeat","background-position":"center center","background-size":"auto","background-attachment":"scroll","background-type":"","background-media":"","overlay-type":"","overlay-color":"","overlay-opacity":"","overlay-gradient":""},"tablet":{"background-color":"var(--ast-global-color-5)","background-image":"","background-repeat":"repeat","background-position":"center center","background-size":"auto","background-attachment":"scroll","background-type":"","background-media":"","overlay-type":"","overlay-color":"","overlay-opacity":"","overlay-gradient":""},"mobile":{"background-color":"var(--ast-global-color-5)","background-image":"","background-repeat":"repeat","background-position":"center center","background-size":"auto","background-attachment":"scroll","background-type":"","background-media":"","overlay-type":"","overlay-color":"","overlay-opacity":"","overlay-gradient":""}}},"product_brand":[],"product_cat":[95],"product_tag":[],"class_list":{"0":"post-3802","1":"product","2":"type-product","3":"status-publish","4":"has-post-thumbnail","6":"product_cat-colliers","7":"desktop-align-left","8":"tablet-align-left","9":"mobile-align-left","11":"first","12":"instock","13":"taxable","14":"shipping-taxable","15":"purchasable","16":"product-type-variable"},"aioseo_notices":[],"jetpack_sharing_enabled":true,"_links":{"self":[{"href":"https:\/\/bijouxetmode.com\/index.php\/wp-json\/wp\/v2\/product\/3802","targetHints":{"allow":["GET"]}}],"collection":[{"href":"https:\/\/bijouxetmode.com\/index.php\/wp-json\/wp\/v2\/product"}],"about":[{"href":"https:\/\/bijouxetmode.com\/index.php\/wp-json\/wp\/v2\/types\/product"}],"replies":[{"embeddable":true,"href":"https:\/\/bijouxetmode.com\/index.php\/wp-json\/wp\/v2\/comments?post=3802"}],"version-history":[{"count":0,"href":"https:\/\/bijouxetmode.com\/index.php\/wp-json\/wp\/v2\/product\/3802\/revisions"}],"wp:featuredmedia":[{"embeddable":true,"href":"https:\/\/bijouxetmode.com\/index.php\/wp-json\/wp\/v2\/media\/3803"}],"wp:attachment":[{"href":"https:\/\/bijouxetmode.com\/index.php\/wp-json\/wp\/v2\/media?parent=3802"}],"wp:term":[{"taxonomy":"product_brand","embeddable":true,"href":"https:\/\/bijouxetmode.com\/index.php\/wp-json\/wp\/v2\/product_brand?post=3802"},{"taxonomy":"product_cat","embeddable":true,"href":"https:\/\/bijouxetmode.com\/index.php\/wp-json\/wp\/v2\/product_cat?post=3802"},{"taxonomy":"product_tag","embeddable":true,"href":"https:\/\/bijouxetmode.com\/index.php\/wp-json\/wp\/v2\/product_tag?post=3802"}],"curies":[{"name":"wp","href":"https:\/\/api.w.org\/{rel}","templated":true}]}}