{"id":3747,"date":"2025-10-24T17:19:08","date_gmt":"2025-10-24T15:19:08","guid":{"rendered":"https:\/\/bijouxetmode.com\/index.php\/product\/chouchou-colore\/"},"modified":"2025-10-24T17:19:11","modified_gmt":"2025-10-24T15:19:11","slug":"chouchou-colore","status":"publish","type":"product","link":"https:\/\/bijouxetmode.com\/index.php\/product\/chouchou-colore\/","title":{"rendered":"Chouchou color\u00e9"},"content":{"rendered":"<div class=\"product-specs-list-container\">\n<p>\u00a0<\/p>\n<\/div>\n<div class=\"detailmodule_html\">\n<div class=\"detail-desc-decorate-richtext\">\n<div class=\"detailmodule_text\">\n<p class=\"detail-desc-decorate-title\" style=\"font-family: OpenSans; font-size: 20px; font-weight: 900; line-height: 28px; white-space: pre-wrap; color: #000000; margin-bottom: 12px;\">Chouchous velours c\u00f4tel\u00e9<\/p>\n<\/div>\n<div class=\"detailmodule_text\">\n<p class=\"detail-desc-decorate-content\" style=\"font-family: OpenSans; font-size: 14px; font-weight: 300; line-height: 20px; white-space: pre-wrap; color: #000000; margin-bottom: 12px;\">Description :<br \/>1.Mati\u00e8re: Polyester<br \/>2. Taille : largeur : 4 cm <br \/>Diam\u00e8tre: 12 cm <br \/>3. Poids : 14 g\/pi\u00e8ce<br \/>4. Quantit\u00e9 : 3 pi\u00e8ces.<br \/>5. D\u00e9lai de livraison : 6 \u00e0 10 jours<br \/>6. Les photos de l&rsquo;\u00e9lastique \u00e0 cheveux<\/p>\n<\/div>\n<div class=\"detailmodule_image\"><img decoding=\"async\" class=\"detail-desc-decorate-image\" src=\"https:\/\/ae03.alicdn.com\/kf\/Hcc155400f99b42b29d7eeb362b023956p.jpg\" \/><img decoding=\"async\" class=\"detail-desc-decorate-image\" src=\"https:\/\/ae03.alicdn.com\/kf\/H3cabfcd6132f4a05a5b2c2eec1033f7eZ.jpg\" \/><img decoding=\"async\" class=\"detail-desc-decorate-image\" src=\"https:\/\/ae03.alicdn.com\/kf\/H9492bdc2653e46969a714fe08a342d48G.jpg\" \/><img decoding=\"async\" class=\"detail-desc-decorate-image\" src=\"https:\/\/ae03.alicdn.com\/kf\/H6191d0b45fbb49ceb934452a63cb202a2.jpg\" \/><img decoding=\"async\" class=\"detail-desc-decorate-image\" src=\"https:\/\/ae03.alicdn.com\/kf\/H0a78506257f54ed3b34670d46a3774809.jpg\" \/><img decoding=\"async\" class=\"detail-desc-decorate-image\" src=\"https:\/\/ae03.alicdn.com\/kf\/H0222e353f63d47f2be0d177a332c0fa8e.jpg\" \/><img decoding=\"async\" class=\"detail-desc-decorate-image\" src=\"https:\/\/ae03.alicdn.com\/kf\/H7499023477d744039619a968181af2dd0.jpg\" \/><img decoding=\"async\" class=\"detail-desc-decorate-image\" src=\"https:\/\/ae03.alicdn.com\/kf\/Hc7f09dc851964c8d826b118b4eed93d3x.jpg\" \/><img decoding=\"async\" class=\"detail-desc-decorate-image\" src=\"https:\/\/ae03.alicdn.com\/kf\/Hda682a139cec4df184618206f648d92eo.jpg\" \/><img decoding=\"async\" class=\"detail-desc-decorate-image\" src=\"https:\/\/ae03.alicdn.com\/kf\/H8e5ba362c00d4b4581f8147aa60028cce.jpg\" \/><\/div>\n<div class=\"detailmodule_text\">\n<p class=\"detail-desc-decorate-title\" style=\"font-family: OpenSans; font-size: 20px; font-weight: 900; line-height: 28px; white-space: pre-wrap; color: #000000; margin-bottom: 12px;\">Exp\u00e9dition<\/p>\n<\/div>\n<div class=\"detailmodule_text\">\n<p class=\"detail-desc-decorate-content\" style=\"font-family: OpenSans; font-size: 14px; font-weight: 300; line-height: 20px; white-space: pre-wrap; color: #000000; margin-bottom: 12px;\">1.Les articles seront exp\u00e9di\u00e9s dans un d\u00e9lai de 1 \u00e0 5 jours ouvrables apr\u00e8s v\u00e9rification de votre paiement.<br \/>2.S&rsquo;il vous pla\u00eet dites-moi votre adresse actuelle apr\u00e8s votre paiement dans un d\u00e9lai de 1 \u00e0 2 jours ; sinon, nous exp\u00e9dierons votre article en fonction de votre adresse Escrow, alors assurez-vous qu&rsquo;elle est correcte.<br \/>3.Avant de commander, veuillez nous contacter pour confirmer votre m\u00e9thode d&rsquo;exp\u00e9dition pr\u00e9f\u00e9r\u00e9e.Normalement, l&rsquo;arriv\u00e9e par Air Mail prend 7 \u00e0 20 jours ouvrables et 3 \u00e0 10 jours ouvrables par Express.<br \/>4.Parfois, cela prendrait plus de temps en raison du mauvais temps, une perte de temps dans le d\u00e9douanement.Veuillez donc attendre patiemment lorsque vous ne recevez pas votre article \u00e0 temps.Si vous ne recevez pas l&rsquo;article dans les trente jours, veuillez nous contacter et je vous aiderai \u00e0 le suivre.<br \/>Politique de retour<br \/>Seul le produit d\u00e9fectueux se verra proposer un \u00e9change.Les produits d\u00e9fectueux doivent \u00eatre retourn\u00e9s dans les 30 jours \u00e0 compter de la date \u00e0 laquelle vous avez pass\u00e9 votre commande.Le traitement de votre retour peut prendre jusqu&rsquo;\u00e0 7 jours ouvrables apr\u00e8s r\u00e9ception de votre produit. L&rsquo;acheteur est responsable de tous les frais d&rsquo;exp\u00e9dition suppl\u00e9mentaires.<br \/>Commentaires<br \/>1.Veuillez confirmer la r\u00e9ception des produits apr\u00e8s les avoir re\u00e7us.<br \/>2.Si vous avez des questions concernant les produits que vous avez re\u00e7us, veuillez nous contacter \u00e0 temps et nous ferons de notre mieux pour r\u00e9soudre les probl\u00e8mes et vous satisfaire.<br \/>3. Veuillez nous donner des commentaires positifs. Merci pour votre temps! Bienvenue \u00e0 visiter \u00e0 nouveau!<\/p>\n<\/div>\n<p>\u00a0<\/p>\n<\/div>\n<\/div>\n","protected":false},"excerpt":{"rendered":"<p>\u00a0 Chouchous velours c\u00f4tel\u00e9 Description :1.Mati\u00e8re: Polyester2. Taille : largeur : 4 cm Diam\u00e8tre: 12 cm 3. Poids : 14 g\/pi\u00e8ce4. Quantit\u00e9 : 3 pi\u00e8ces.5. D\u00e9lai de livraison : 6 \u00e0 10 jours6. Les photos de l&rsquo;\u00e9lastique \u00e0 cheveux Exp\u00e9dition 1.Les articles seront exp\u00e9di\u00e9s dans un d\u00e9lai de 1 \u00e0 5 jours ouvrables apr\u00e8s v\u00e9rification [&hellip;]<\/p>\n","protected":false},"featured_media":3748,"comment_status":"open","ping_status":"closed","template":"","meta":{"om_disable_all_campaigns":false,"_monsterinsights_skip_tracking":false,"_monsterinsights_sitenote_active":false,"_monsterinsights_sitenote_note":"","_monsterinsights_sitenote_category":0,"site-sidebar-layout":"default","site-content-layout":"","ast-site-content-layout":"default","site-content-style":"default","site-sidebar-style":"default","ast-global-header-display":"","ast-banner-title-visibility":"","ast-main-header-display":"","ast-hfb-above-header-display":"","ast-hfb-below-header-display":"","ast-hfb-mobile-header-display":"","site-post-title":"","ast-breadcrumbs-content":"","ast-featured-img":"","footer-sml-layout":"","ast-disable-related-posts":"","theme-transparent-header-meta":"","adv-header-id-meta":"","stick-header-meta":"","header-above-stick-meta":"","header-main-stick-meta":"","header-below-stick-meta":"","astra-migrate-meta-layouts":"default","ast-page-background-enabled":"default","ast-page-background-meta":{"desktop":{"background-color":"var(--ast-global-color-4)","background-image":"","background-repeat":"repeat","background-position":"center center","background-size":"auto","background-attachment":"scroll","background-type":"","background-media":"","overlay-type":"","overlay-color":"","overlay-opacity":"","overlay-gradient":""},"tablet":{"background-color":"","background-image":"","background-repeat":"repeat","background-position":"center center","background-size":"auto","background-attachment":"scroll","background-type":"","background-media":"","overlay-type":"","overlay-color":"","overlay-opacity":"","overlay-gradient":""},"mobile":{"background-color":"","background-image":"","background-repeat":"repeat","background-position":"center center","background-size":"auto","background-attachment":"scroll","background-type":"","background-media":"","overlay-type":"","overlay-color":"","overlay-opacity":"","overlay-gradient":""}},"ast-content-background-meta":{"desktop":{"background-color":"var(--ast-global-color-5)","background-image":"","background-repeat":"repeat","background-position":"center center","background-size":"auto","background-attachment":"scroll","background-type":"","background-media":"","overlay-type":"","overlay-color":"","overlay-opacity":"","overlay-gradient":""},"tablet":{"background-color":"var(--ast-global-color-5)","background-image":"","background-repeat":"repeat","background-position":"center center","background-size":"auto","background-attachment":"scroll","background-type":"","background-media":"","overlay-type":"","overlay-color":"","overlay-opacity":"","overlay-gradient":""},"mobile":{"background-color":"var(--ast-global-color-5)","background-image":"","background-repeat":"repeat","background-position":"center center","background-size":"auto","background-attachment":"scroll","background-type":"","background-media":"","overlay-type":"","overlay-color":"","overlay-opacity":"","overlay-gradient":""}}},"product_brand":[],"product_cat":[723],"product_tag":[],"class_list":{"0":"post-3747","1":"product","2":"type-product","3":"status-publish","4":"has-post-thumbnail","6":"product_cat-accessoires-cheveux","7":"desktop-align-left","8":"tablet-align-left","9":"mobile-align-left","11":"first","12":"instock","13":"taxable","14":"shipping-taxable","15":"purchasable","16":"product-type-variable"},"aioseo_notices":[],"jetpack_sharing_enabled":true,"_links":{"self":[{"href":"https:\/\/bijouxetmode.com\/index.php\/wp-json\/wp\/v2\/product\/3747","targetHints":{"allow":["GET"]}}],"collection":[{"href":"https:\/\/bijouxetmode.com\/index.php\/wp-json\/wp\/v2\/product"}],"about":[{"href":"https:\/\/bijouxetmode.com\/index.php\/wp-json\/wp\/v2\/types\/product"}],"replies":[{"embeddable":true,"href":"https:\/\/bijouxetmode.com\/index.php\/wp-json\/wp\/v2\/comments?post=3747"}],"version-history":[{"count":0,"href":"https:\/\/bijouxetmode.com\/index.php\/wp-json\/wp\/v2\/product\/3747\/revisions"}],"wp:featuredmedia":[{"embeddable":true,"href":"https:\/\/bijouxetmode.com\/index.php\/wp-json\/wp\/v2\/media\/3748"}],"wp:attachment":[{"href":"https:\/\/bijouxetmode.com\/index.php\/wp-json\/wp\/v2\/media?parent=3747"}],"wp:term":[{"taxonomy":"product_brand","embeddable":true,"href":"https:\/\/bijouxetmode.com\/index.php\/wp-json\/wp\/v2\/product_brand?post=3747"},{"taxonomy":"product_cat","embeddable":true,"href":"https:\/\/bijouxetmode.com\/index.php\/wp-json\/wp\/v2\/product_cat?post=3747"},{"taxonomy":"product_tag","embeddable":true,"href":"https:\/\/bijouxetmode.com\/index.php\/wp-json\/wp\/v2\/product_tag?post=3747"}],"curies":[{"name":"wp","href":"https:\/\/api.w.org\/{rel}","templated":true}]}}