{"id":3465,"date":"2024-11-09T16:20:37","date_gmt":"2024-11-09T15:20:37","guid":{"rendered":"https:\/\/bijouxetmode.com\/index.php\/product\/bague-acier-or-vague\/"},"modified":"2025-12-01T17:24:21","modified_gmt":"2025-12-01T16:24:21","slug":"bague-vague-couleur-or-acier-inoxydable","status":"publish","type":"product","link":"https:\/\/bijouxetmode.com\/index.php\/product\/bague-vague-couleur-or-acier-inoxydable\/","title":{"rendered":"Bague vague couleur or ou argent"},"content":{"rendered":"<div class=\"product-specs-list-container\">\n<h2>Bague vague couleur or ou argent<\/h2>\n<p>Sublime Bague vague couleur or ou argent en acier inoxydable<\/p>\n<p><strong>Caract\u00e9ristiques :<\/strong><\/p>\n<ul>\n<li><strong>Mat\u00e9riaux :<\/strong> Acier inoxydable couleur or<\/li>\n<li><strong>Couleurs :<\/strong> Disponibles en couleur or ou en argent<\/li>\n<li><strong>Style Polyvalent :<\/strong> Id\u00e9al pour tous les \u00e9v\u00e8nements, que ce soit pour une soir\u00e9e raffin\u00e9e ou une journ\u00e9e d\u00e9contract\u00e9e.<\/li>\n<li><strong>Cadeau Id\u00e9al :<\/strong> Offrez cette bague vague en cadeau pour la f\u00eate des M\u00e8res ou \u00e0 un \u00eatre cher pour une occasion particuli\u00e8re.<\/li>\n<li><strong>Livraison Rapide et Gratuite en France :<\/strong> Profitez de notre service de livraison rapide et fiable, avec la livraison gratuite en France.<\/li>\n<\/ul>\n<p><strong>Modalit\u00e9s de Livraison :<\/strong><\/p>\n<ul>\n<li><strong>D\u00e9lais :<\/strong> Livraison \u00e0 partir de 5 jours ouvr\u00e9s.<\/li>\n<li><strong>Frais :<\/strong> Livraison gratuite en France. Pour les commandes internationales, des frais de livraison de 5\u20ac s&rsquo;appliquent.<\/li>\n<li><strong>Suivi :<\/strong> Un num\u00e9ro de suivi vous sera fourni d\u00e8s l&rsquo;exp\u00e9dition de votre commande.<\/li>\n<\/ul>\n<p><strong>Modalit\u00e9s de Retour :<\/strong><\/p>\n<ul>\n<li><strong>D\u00e9lai :<\/strong> Vous disposez de 30 jours \u00e0 compter de la date de r\u00e9ception pour retourner votre article.<\/li>\n<li><strong>Conditions :<\/strong> Les articles doivent \u00eatre retourn\u00e9s dans leur \u00e9tat d&rsquo;origine, non port\u00e9s et avec toutes les \u00e9tiquettes attach\u00e9es.<\/li>\n<li><strong>Proc\u00e9dure :<\/strong> Contactez notre service client pour obtenir une \u00e9tiquette de retour pr\u00e9pay\u00e9e. Les frais de retour sont \u00e0 la charge du client, sauf en cas de produit d\u00e9fectueux ou d&rsquo;erreur de notre part.<\/li>\n<\/ul>\n<p>Pour d\u00e9couvrir des v\u00eatements de sport de glisse \u00e0 la mode, visitez notre boutique partenaire <a role=\"link\" href=\"https:\/\/www.wingsurfeur.com\" target=\"_blank\" rel=\"noopener noreferrer\" aria-label=\"https:\/\/www.wingsurfeur.com\">Wingsurfeur.com<\/a>.<\/p>\n<p><strong>Retour \u00e0 la boutique, <a role=\"link\" href=\"https:\/\/www.bijouxetmode.com\" target=\"_blank\" rel=\"noopener noreferrer\" aria-label=\"https:\/\/www.bijouxetmode.com\">cliquez ici<\/a><\/strong><\/p>\n<\/div>\n<div class=\"detailmodule_html\">\n<div class=\"detail-desc-decorate-richtext\">\n<div class=\"detailmodule_text\">\n<p id=\"tl_1\" class=\"detail-desc-decorate-title\" style=\"font-family: OpenSans; font-size: 20px; font-weight: 900; line-height: 28px; white-space: pre-wrap; color: #000000; margin-bottom: 12px;\">\n<\/div>\n<div class=\"detailmodule_image\"><img fetchpriority=\"high\" decoding=\"async\" class=\"detail-desc-decorate-image alignnone\" title=\"Bague vague couleur or acier inoxydable\" src=\"https:\/\/ae01.alicdn.com\/kf\/S50306d19097f4e85acc631d49945efefZ.jpg\" alt=\"Bague vague couleur or acier inoxydable\" width=\"1000\" height=\"1000\" \/><br \/>\n<img decoding=\"async\" class=\"detail-desc-decorate-image\" src=\"https:\/\/ae01.alicdn.com\/kf\/S266e1e2ee1fd4d1095f4c87f6e8f3d4ce.jpg\" \/><br \/>\n<img decoding=\"async\" class=\"detail-desc-decorate-image\" src=\"https:\/\/ae01.alicdn.com\/kf\/S3dd306515b7148fdb0f011c65d3b8cb9g.jpg\" \/><br \/>\n<img decoding=\"async\" class=\"detail-desc-decorate-image\" src=\"https:\/\/ae01.alicdn.com\/kf\/Sd0bd626efb5b4fc1be45684c7e34b817Q.jpg\" \/><br \/>\n<img decoding=\"async\" class=\"detail-desc-decorate-image\" src=\"https:\/\/ae01.alicdn.com\/kf\/Sfd1469236ab240049dd1e5924b94ec1by.jpg\" \/><\/div>\n<div class=\"detailmodule_image\"><img decoding=\"async\" class=\"detail-desc-decorate-image\" src=\"https:\/\/ae01.alicdn.com\/kf\/S8e034fcd2751410e9a0fd0bc5e4face9m.jpg\" \/><br \/>\n<img decoding=\"async\" class=\"detail-desc-decorate-image alignnone\" title=\"Bague vague couleur argent acier inoxydable\" src=\"https:\/\/ae01.alicdn.com\/kf\/Sdc82885072a44435974bc7d6ccc4ad1b9.jpg\" alt=\"Bague vague couleur argent acier inoxydable\" width=\"1000\" height=\"1000\" \/><br \/>\n<img decoding=\"async\" class=\"detail-desc-decorate-image\" src=\"https:\/\/ae01.alicdn.com\/kf\/S81abb764c4e94746b889c6786469f4316.jpg\" \/><br \/>\n<img decoding=\"async\" class=\"detail-desc-decorate-image\" src=\"https:\/\/ae01.alicdn.com\/kf\/S774d732a56184341ac83178ba9b3941dc.jpg\" \/><\/div>\n<\/div>\n<\/div>\n","protected":false},"excerpt":{"rendered":"<p>Bague vague couleur or ou argent en acier inoxydable<\/p>\n","protected":false},"featured_media":3468,"comment_status":"open","ping_status":"closed","template":"","meta":{"om_disable_all_campaigns":false,"_monsterinsights_skip_tracking":false,"_monsterinsights_sitenote_active":false,"_monsterinsights_sitenote_note":"","_monsterinsights_sitenote_category":0,"site-sidebar-layout":"default","site-content-layout":"","ast-site-content-layout":"default","site-content-style":"default","site-sidebar-style":"default","ast-global-header-display":"","ast-banner-title-visibility":"","ast-main-header-display":"","ast-hfb-above-header-display":"","ast-hfb-below-header-display":"","ast-hfb-mobile-header-display":"","site-post-title":"","ast-breadcrumbs-content":"","ast-featured-img":"","footer-sml-layout":"","ast-disable-related-posts":"","theme-transparent-header-meta":"default","adv-header-id-meta":"","stick-header-meta":"","header-above-stick-meta":"","header-main-stick-meta":"","header-below-stick-meta":"","astra-migrate-meta-layouts":"set","ast-page-background-enabled":"default","ast-page-background-meta":{"desktop":{"background-color":"var(--ast-global-color-4)","background-image":"","background-repeat":"repeat","background-position":"center center","background-size":"auto","background-attachment":"scroll","background-type":"","background-media":"","overlay-type":"","overlay-color":"","overlay-opacity":"","overlay-gradient":""},"tablet":{"background-color":"","background-image":"","background-repeat":"repeat","background-position":"center center","background-size":"auto","background-attachment":"scroll","background-type":"","background-media":"","overlay-type":"","overlay-color":"","overlay-opacity":"","overlay-gradient":""},"mobile":{"background-color":"","background-image":"","background-repeat":"repeat","background-position":"center center","background-size":"auto","background-attachment":"scroll","background-type":"","background-media":"","overlay-type":"","overlay-color":"","overlay-opacity":"","overlay-gradient":""}},"ast-content-background-meta":{"desktop":{"background-color":"var(--ast-global-color-5)","background-image":"","background-repeat":"repeat","background-position":"center center","background-size":"auto","background-attachment":"scroll","background-type":"","background-media":"","overlay-type":"","overlay-color":"","overlay-opacity":"","overlay-gradient":""},"tablet":{"background-color":"var(--ast-global-color-5)","background-image":"","background-repeat":"repeat","background-position":"center center","background-size":"auto","background-attachment":"scroll","background-type":"","background-media":"","overlay-type":"","overlay-color":"","overlay-opacity":"","overlay-gradient":""},"mobile":{"background-color":"var(--ast-global-color-5)","background-image":"","background-repeat":"repeat","background-position":"center center","background-size":"auto","background-attachment":"scroll","background-type":"","background-media":"","overlay-type":"","overlay-color":"","overlay-opacity":"","overlay-gradient":""}}},"product_brand":[],"product_cat":[122],"product_tag":[],"class_list":{"0":"post-3465","1":"product","2":"type-product","3":"status-publish","4":"has-post-thumbnail","6":"product_cat-bagues","7":"desktop-align-left","8":"tablet-align-left","9":"mobile-align-left","11":"first","12":"instock","13":"taxable","14":"shipping-taxable","15":"purchasable","16":"product-type-variable"},"aioseo_notices":[],"jetpack_sharing_enabled":true,"_links":{"self":[{"href":"https:\/\/bijouxetmode.com\/index.php\/wp-json\/wp\/v2\/product\/3465","targetHints":{"allow":["GET"]}}],"collection":[{"href":"https:\/\/bijouxetmode.com\/index.php\/wp-json\/wp\/v2\/product"}],"about":[{"href":"https:\/\/bijouxetmode.com\/index.php\/wp-json\/wp\/v2\/types\/product"}],"replies":[{"embeddable":true,"href":"https:\/\/bijouxetmode.com\/index.php\/wp-json\/wp\/v2\/comments?post=3465"}],"version-history":[{"count":3,"href":"https:\/\/bijouxetmode.com\/index.php\/wp-json\/wp\/v2\/product\/3465\/revisions"}],"predecessor-version":[{"id":3501,"href":"https:\/\/bijouxetmode.com\/index.php\/wp-json\/wp\/v2\/product\/3465\/revisions\/3501"}],"wp:featuredmedia":[{"embeddable":true,"href":"https:\/\/bijouxetmode.com\/index.php\/wp-json\/wp\/v2\/media\/3468"}],"wp:attachment":[{"href":"https:\/\/bijouxetmode.com\/index.php\/wp-json\/wp\/v2\/media?parent=3465"}],"wp:term":[{"taxonomy":"product_brand","embeddable":true,"href":"https:\/\/bijouxetmode.com\/index.php\/wp-json\/wp\/v2\/product_brand?post=3465"},{"taxonomy":"product_cat","embeddable":true,"href":"https:\/\/bijouxetmode.com\/index.php\/wp-json\/wp\/v2\/product_cat?post=3465"},{"taxonomy":"product_tag","embeddable":true,"href":"https:\/\/bijouxetmode.com\/index.php\/wp-json\/wp\/v2\/product_tag?post=3465"}],"curies":[{"name":"wp","href":"https:\/\/api.w.org\/{rel}","templated":true}]}}