{"id":3426,"date":"2024-11-04T01:15:30","date_gmt":"2024-11-04T00:15:30","guid":{"rendered":"https:\/\/bijouxetmode.com\/index.php\/product\/ensemble-de-bagues-style-boheme\/"},"modified":"2025-10-25T14:45:55","modified_gmt":"2025-10-25T12:45:55","slug":"ensemble-de-bagues-style-boheme","status":"publish","type":"product","link":"https:\/\/bijouxetmode.com\/index.php\/product\/ensemble-de-bagues-style-boheme\/","title":{"rendered":"Ensemble de Bagues Style Boh\u00e8me"},"content":{"rendered":"<p><strong>Ensemble de Bagues Style Boh\u00e8me couleur or<\/strong><\/p>\n<p>Magnifique ensemble de bague de diff\u00e9rentes formes couleur or \u00e0 superposer !<\/p>\n<p><strong>Caract\u00e9ristiques :<\/strong><\/p>\n<ul>\n<li><strong>Mat\u00e9riaux :<\/strong> Acier couleur or<\/li>\n<li><strong>Design:<\/strong> Style boh\u00e8me avec des motifs uniques et d\u00e9taill\u00e9s<\/li>\n<li><strong>Couleurs:<\/strong> Disponibles en couleur or<\/li>\n<li><strong>Style Polyvalent:<\/strong> Id\u00e9al pour toutes les occasions, que ce soit pour une soir\u00e9e \u00e9l\u00e9gante ou une journ\u00e9e d\u00e9contract\u00e9e.<\/li>\n<li><strong>Cadeau Parfait:<\/strong> Offrez cet ensemble de bagues en style boh\u00e8me en cadeau \u00e0 un \u00eatre cher pour une occasion sp\u00e9ciale.<\/li>\n<li><strong>Livraison Rapide et Gratuite en France:<\/strong> Profitez de notre service de livraison rapide et fiable, avec la livraison gratuite en France.<\/li>\n<\/ul>\n<p><strong>Modalit\u00e9s de Livraison:<\/strong><\/p>\n<ul>\n<li><strong>D\u00e9lais:<\/strong> Livraison \u00e0 partir de 5 jours ouvr\u00e9s.<\/li>\n<li><strong>Frais:<\/strong> Livraison gratuite en France. Pour les commandes internationales, des frais de livraison de 5\u20ac s&rsquo;appliquent.<\/li>\n<li><strong>Suivi:<\/strong> Un num\u00e9ro de suivi vous sera fourni d\u00e8s l&rsquo;exp\u00e9dition de votre commande.<\/li>\n<\/ul>\n<p><strong>Modalit\u00e9s de Retour:<\/strong><\/p>\n<ul>\n<li><strong>D\u00e9lai:<\/strong> Vous disposez de 30 jours \u00e0 compter de la date de r\u00e9ception pour retourner votre article.<\/li>\n<li><strong>Conditions:<\/strong> Les articles doivent \u00eatre retourn\u00e9s dans leur \u00e9tat d&rsquo;origine, non port\u00e9s et avec toutes les \u00e9tiquettes attach\u00e9es.<\/li>\n<li><strong>Proc\u00e9dure:<\/strong> Contactez notre service client pour obtenir une \u00e9tiquette de retour pr\u00e9pay\u00e9e. Les frais de retour sont \u00e0 la charge du client, sauf en cas de produit d\u00e9fectueux ou d&rsquo;erreur de notre part.<\/li>\n<\/ul>\n<p>Pour d\u00e9couvrir des v\u00eatements de sport de glisse \u00e0 la mode, visitez notre boutique partenaire <a role=\"link\" href=\"https:\/\/www.wingsurfeur.com\" target=\"_blank\" rel=\"noopener noreferrer\" aria-label=\"https:\/\/www.wingsurfeur.com\">Wingsurfeur.com<\/a>.<\/p>\n<p><strong>Retour \u00e0 la boutique, <a role=\"link\" href=\"https:\/\/www.bijouxetmode.com\" target=\"_blank\" rel=\"noopener noreferrer\" aria-label=\"https:\/\/www.bijouxetmode.com\">cliquez ici<\/a><\/strong><\/p>\n<div class=\"detailmodule_html\">\n<div class=\"detail-desc-decorate-richtext\">\n<div class=\"detailmodule_image\"><\/div>\n<div class=\"detailmodule_image\"><img fetchpriority=\"high\" decoding=\"async\" class=\"detail-desc-decorate-image alignnone\" title=\"Ensemble de Bagues Style Boh\u00e8me en Alliage de Zinc - Bijoux et Mode \" src=\"https:\/\/ae01.alicdn.com\/kf\/S8aac704977cf438888be157b928f70d2j.jpg\" alt=\"Ensemble de Bagues Style Boh\u00e8me en Alliage de Zinc - Bijoux et Mode\" width=\"1000\" height=\"1000\" \/><br \/>\n<img decoding=\"async\" class=\"detail-desc-decorate-image\" src=\"https:\/\/ae01.alicdn.com\/kf\/S61644e386356414e8b62f49912ce20cc8.jpg\" \/><\/div>\n<div class=\"detailmodule_image\">\n<p>&nbsp;<\/p>\n<p>&nbsp;<\/p>\n<\/div>\n<\/div>\n<\/div>\n","protected":false},"excerpt":{"rendered":"<p><strong>Ensemble de Bagues Style Boh\u00e8me couleur or<\/strong><\/p>\n<p>Magnifique ensemble de bague de diff\u00e9rentes formes couleur or \u00e0 superposer !<\/p>\n","protected":false},"featured_media":3284,"comment_status":"open","ping_status":"closed","template":"","meta":{"om_disable_all_campaigns":false,"_monsterinsights_skip_tracking":false,"_monsterinsights_sitenote_active":false,"_monsterinsights_sitenote_note":"","_monsterinsights_sitenote_category":0,"site-sidebar-layout":"default","site-content-layout":"","ast-site-content-layout":"default","site-content-style":"default","site-sidebar-style":"default","ast-global-header-display":"","ast-banner-title-visibility":"","ast-main-header-display":"","ast-hfb-above-header-display":"","ast-hfb-below-header-display":"","ast-hfb-mobile-header-display":"","site-post-title":"","ast-breadcrumbs-content":"","ast-featured-img":"","footer-sml-layout":"","ast-disable-related-posts":"","theme-transparent-header-meta":"default","adv-header-id-meta":"","stick-header-meta":"","header-above-stick-meta":"","header-main-stick-meta":"","header-below-stick-meta":"","astra-migrate-meta-layouts":"set","ast-page-background-enabled":"default","ast-page-background-meta":{"desktop":{"background-color":"var(--ast-global-color-4)","background-image":"","background-repeat":"repeat","background-position":"center center","background-size":"auto","background-attachment":"scroll","background-type":"","background-media":"","overlay-type":"","overlay-color":"","overlay-opacity":"","overlay-gradient":""},"tablet":{"background-color":"","background-image":"","background-repeat":"repeat","background-position":"center center","background-size":"auto","background-attachment":"scroll","background-type":"","background-media":"","overlay-type":"","overlay-color":"","overlay-opacity":"","overlay-gradient":""},"mobile":{"background-color":"","background-image":"","background-repeat":"repeat","background-position":"center center","background-size":"auto","background-attachment":"scroll","background-type":"","background-media":"","overlay-type":"","overlay-color":"","overlay-opacity":"","overlay-gradient":""}},"ast-content-background-meta":{"desktop":{"background-color":"var(--ast-global-color-5)","background-image":"","background-repeat":"repeat","background-position":"center center","background-size":"auto","background-attachment":"scroll","background-type":"","background-media":"","overlay-type":"","overlay-color":"","overlay-opacity":"","overlay-gradient":""},"tablet":{"background-color":"var(--ast-global-color-5)","background-image":"","background-repeat":"repeat","background-position":"center center","background-size":"auto","background-attachment":"scroll","background-type":"","background-media":"","overlay-type":"","overlay-color":"","overlay-opacity":"","overlay-gradient":""},"mobile":{"background-color":"var(--ast-global-color-5)","background-image":"","background-repeat":"repeat","background-position":"center center","background-size":"auto","background-attachment":"scroll","background-type":"","background-media":"","overlay-type":"","overlay-color":"","overlay-opacity":"","overlay-gradient":""}}},"product_brand":[],"product_cat":[122],"product_tag":[657],"class_list":{"0":"post-3426","1":"product","2":"type-product","3":"status-publish","4":"has-post-thumbnail","6":"product_cat-bagues","7":"product_tag-boheme","8":"desktop-align-left","9":"tablet-align-left","10":"mobile-align-left","12":"first","13":"instock","14":"sale","15":"taxable","16":"shipping-taxable","17":"purchasable","18":"product-type-simple"},"aioseo_notices":[],"jetpack_sharing_enabled":true,"_links":{"self":[{"href":"https:\/\/bijouxetmode.com\/index.php\/wp-json\/wp\/v2\/product\/3426","targetHints":{"allow":["GET"]}}],"collection":[{"href":"https:\/\/bijouxetmode.com\/index.php\/wp-json\/wp\/v2\/product"}],"about":[{"href":"https:\/\/bijouxetmode.com\/index.php\/wp-json\/wp\/v2\/types\/product"}],"replies":[{"embeddable":true,"href":"https:\/\/bijouxetmode.com\/index.php\/wp-json\/wp\/v2\/comments?post=3426"}],"version-history":[{"count":7,"href":"https:\/\/bijouxetmode.com\/index.php\/wp-json\/wp\/v2\/product\/3426\/revisions"}],"predecessor-version":[{"id":3428,"href":"https:\/\/bijouxetmode.com\/index.php\/wp-json\/wp\/v2\/product\/3426\/revisions\/3428"}],"wp:featuredmedia":[{"embeddable":true,"href":"https:\/\/bijouxetmode.com\/index.php\/wp-json\/wp\/v2\/media\/3284"}],"wp:attachment":[{"href":"https:\/\/bijouxetmode.com\/index.php\/wp-json\/wp\/v2\/media?parent=3426"}],"wp:term":[{"taxonomy":"product_brand","embeddable":true,"href":"https:\/\/bijouxetmode.com\/index.php\/wp-json\/wp\/v2\/product_brand?post=3426"},{"taxonomy":"product_cat","embeddable":true,"href":"https:\/\/bijouxetmode.com\/index.php\/wp-json\/wp\/v2\/product_cat?post=3426"},{"taxonomy":"product_tag","embeddable":true,"href":"https:\/\/bijouxetmode.com\/index.php\/wp-json\/wp\/v2\/product_tag?post=3426"}],"curies":[{"name":"wp","href":"https:\/\/api.w.org\/{rel}","templated":true}]}}